{"id":1387,"date":"2025-10-23T13:09:30","date_gmt":"2025-10-23T11:09:30","guid":{"rendered":"https:\/\/lesvoltes.eu\/politica-de-cookies\/"},"modified":"2025-10-23T13:13:09","modified_gmt":"2025-10-23T11:13:09","slug":"politica-de-cookies","status":"publish","type":"page","link":"https:\/\/lesvoltes.eu\/es\/politica-de-cookies\/","title":{"rendered":"Pol\u00edtica de cookies"},"content":{"rendered":"\t\t<div data-elementor-type=\"wp-page\" data-elementor-id=\"1387\" class=\"elementor elementor-1387 elementor-1385\" data-elementor-post-type=\"page\">\n\t\t\t\t<div class=\"elementor-element elementor-element-27cf9b4 e-con-full e-flex e-con e-parent\" data-id=\"27cf9b4\" data-element_type=\"container\" data-settings=\"{&quot;background_background&quot;:&quot;classic&quot;}\">\n\t\t<div class=\"elementor-element elementor-element-bee9bae e-con-full e-flex e-con e-child\" data-id=\"bee9bae\" data-element_type=\"container\">\n\t\t<div class=\"elementor-element elementor-element-e06d22f e-con-full e-flex e-con e-child\" data-id=\"e06d22f\" data-element_type=\"container\">\n\t\t\t\t<div class=\"elementor-element elementor-element-fc2b114 animated-slow elementor-invisible elementor-widget elementor-widget-heading\" data-id=\"fc2b114\" data-element_type=\"widget\" data-settings=\"{&quot;_animation&quot;:&quot;fadeInRight&quot;,&quot;_animation_delay&quot;:400}\" data-widget_type=\"heading.default\">\n\t\t\t\t\t<h1 class=\"elementor-heading-title elementor-size-default\">Pol\u00edtica de cookies.<\/h1>\t\t\t\t<\/div>\n\t\t\t\t<\/div>\n\t\t\t\t<\/div>\n\t\t\t\t<\/div>\n\t\t<div class=\"elementor-element elementor-element-d75604d e-con-full e-flex e-con e-parent\" data-id=\"d75604d\" data-element_type=\"container\">\n\t\t<div class=\"elementor-element elementor-element-f5d1c4c e-con-full e-flex e-con e-child\" data-id=\"f5d1c4c\" data-element_type=\"container\">\n\t\t<div class=\"elementor-element elementor-element-22e8368 e-con-full e-flex e-con e-child\" data-id=\"22e8368\" data-element_type=\"container\">\n\t\t<div class=\"elementor-element elementor-element-1ed1488 e-con-full e-flex e-con e-child\" data-id=\"1ed1488\" data-element_type=\"container\">\n\t\t\t\t<div class=\"elementor-element elementor-element-0b173e6 animated-slow elementor-invisible elementor-widget elementor-widget-text-editor\" data-id=\"0b173e6\" data-element_type=\"widget\" data-settings=\"{&quot;_animation&quot;:&quot;fadeInUp&quot;,&quot;_animation_delay&quot;:200}\" data-widget_type=\"text-editor.default\">\n\t\t\t\t\t\t\t\t\t<p>En cumplimiento de lo dispuesto en el art\u00edculo 10 de la Ley 34\/2002 de Servicios de la Sociedad de la Informaci\u00f3n y el Comercio Electr\u00f3nico (LSSI) se informa de lo siguiente:<\/p>\t\t\t\t\t\t\t\t<\/div>\n\t\t\t\t<\/div>\n\t\t\t\t<\/div>\n\t\t\t\t<\/div>\n\t\t\t\t<\/div>\n\t\t<div class=\"elementor-element elementor-element-d407789 e-con-full e-flex e-con e-parent\" data-id=\"d407789\" data-element_type=\"container\">\n\t\t<div class=\"elementor-element elementor-element-04d33e8 e-con-full e-flex e-con e-child\" data-id=\"04d33e8\" data-element_type=\"container\">\n\t\t<div class=\"elementor-element elementor-element-2b33bbf e-con-full e-flex e-con e-child\" data-id=\"2b33bbf\" data-element_type=\"container\">\n\t\t<div class=\"elementor-element elementor-element-1a42946 e-con-full e-flex e-con e-child\" data-id=\"1a42946\" data-element_type=\"container\">\n\t\t\t\t<div class=\"elementor-element elementor-element-035b7e6 animated-slow elementor-invisible elementor-widget elementor-widget-heading\" data-id=\"035b7e6\" data-element_type=\"widget\" data-settings=\"{&quot;_animation&quot;:&quot;fadeInRight&quot;,&quot;_animation_delay&quot;:400}\" data-widget_type=\"heading.default\">\n\t\t\t\t\t<h2 class=\"elementor-heading-title elementor-size-default\">Titular de la p\u00e1gina web.<\/h2>\t\t\t\t<\/div>\n\t\t\t\t<\/div>\n\t\t\t\t<\/div>\n\t\t<div class=\"elementor-element elementor-element-0f62262 e-con-full e-flex e-con e-child\" data-id=\"0f62262\" data-element_type=\"container\">\n\t\t<div class=\"elementor-element elementor-element-4b01468 e-con-full e-flex e-con e-child\" data-id=\"4b01468\" data-element_type=\"container\">\n\t\t\t\t<div class=\"elementor-element elementor-element-6b90125 animated-slow elementor-invisible elementor-widget elementor-widget-text-editor\" data-id=\"6b90125\" data-element_type=\"widget\" data-settings=\"{&quot;_animation&quot;:&quot;fadeInUp&quot;,&quot;_animation_delay&quot;:200}\" data-widget_type=\"text-editor.default\">\n\t\t\t\t\t\t\t\t\t<p>Fundaci\u00f3n Librer\u00eda Les Voltes.<br> CIF. G55188700 <br><br>Inscrita en el Servicio de Registro y Asesoramiento de Entidades de Derecho Privado con el n\u00famero de inscripci\u00f3n 2828<br> Direcci\u00f3n social: Plaza del Vino, 2 \u00b7 17004 \u00b7 GIRONA<br> Correo electr\u00f3nico de contacto: <a href=\"mailto:info@lesvolteseduca.cat\">llibreria@lesvoltes.cat<\/a><\/p>\t\t\t\t\t\t\t\t<\/div>\n\t\t\t\t<\/div>\n\t\t\t\t<\/div>\n\t\t\t\t<\/div>\n\t\t\t\t<\/div>\n\t\t<div class=\"elementor-element elementor-element-9c50d99 e-con-full e-flex e-con e-parent\" data-id=\"9c50d99\" data-element_type=\"container\">\n\t\t<div class=\"elementor-element elementor-element-6b1b599 e-con-full e-flex e-con e-child\" data-id=\"6b1b599\" data-element_type=\"container\">\n\t\t<div class=\"elementor-element elementor-element-75480f0 e-con-full e-flex e-con e-child\" data-id=\"75480f0\" data-element_type=\"container\">\n\t\t<div class=\"elementor-element elementor-element-b6503b5 e-con-full e-flex e-con e-child\" data-id=\"b6503b5\" data-element_type=\"container\">\n\t\t\t\t<div class=\"elementor-element elementor-element-1c5239b animated-slow elementor-invisible elementor-widget elementor-widget-heading\" data-id=\"1c5239b\" data-element_type=\"widget\" data-settings=\"{&quot;_animation&quot;:&quot;fadeInRight&quot;,&quot;_animation_delay&quot;:400}\" data-widget_type=\"heading.default\">\n\t\t\t\t\t<h2 class=\"elementor-heading-title elementor-size-default\">Uso de galletas (Cookies).<\/h2>\t\t\t\t<\/div>\n\t\t\t\t<\/div>\n\t\t\t\t<\/div>\n\t\t<div class=\"elementor-element elementor-element-658717b e-con-full e-flex e-con e-child\" data-id=\"658717b\" data-element_type=\"container\">\n\t\t<div class=\"elementor-element elementor-element-82c5697 e-con-full e-flex e-con e-child\" data-id=\"82c5697\" data-element_type=\"container\">\n\t\t\t\t<div class=\"elementor-element elementor-element-9cb5b0f animated-slow elementor-invisible elementor-widget elementor-widget-text-editor\" data-id=\"9cb5b0f\" data-element_type=\"widget\" data-settings=\"{&quot;_animation&quot;:&quot;fadeInUp&quot;,&quot;_animation_delay&quot;:200}\" data-widget_type=\"text-editor.default\">\n\t\t\t\t\t\t\t\t\t<p>Este sitio web requiere el uso de \u00abcookies\u00bb para su correcto funcionamiento. Una \u201ccookie\u201d es una peque\u00f1a informaci\u00f3n enviada por la web y que se almacena en el navegador del usuario, de modo que el sitio web puede consultar algunos datos del usuario. Esta web utiliza las siguientes \u201ccookies\u201d:  <\/p><p>Cookies de an\u00e1lisis: Permiten la monitorizaci\u00f3n y el an\u00e1lisis del comportamiento de los usuarios en nuestro sitio web. La informaci\u00f3n recogida se utiliza para la medida de la actividad de los usuarios en la web y la elaboraci\u00f3n de perfiles de navegaci\u00f3n de los usuarios, como el tiempo que permanecen y cuando se produce la visita, todo ello con el fin de mejorar la web. <\/p><p>Cookies t\u00e9cnicas: Permiten mostrar correctamente al usuario la navegaci\u00f3n a trav\u00e9s de una p\u00e1gina web, permitiendo tambi\u00e9n el uso de los diferentes servicios; como -por ejemplo- identificar y gestionar, acceder a partes de acceso restringido o comprar contenido mediante las redes sociales.<\/p><p>Cookies de personalizaci\u00f3n: Permiten adaptar la navegaci\u00f3n a nuestra p\u00e1gina web a las preferencias del usuario.<\/p>\t\t\t\t\t\t\t\t<\/div>\n\t\t\t\t<\/div>\n\t\t\t\t<\/div>\n\t\t\t\t<\/div>\n\t\t\t\t<\/div>\n\t\t<div class=\"elementor-element elementor-element-5ee545f e-con-full e-flex e-con e-parent\" data-id=\"5ee545f\" data-element_type=\"container\">\n\t\t<div class=\"elementor-element elementor-element-ab6b379 e-con-full e-flex e-con e-child\" data-id=\"ab6b379\" data-element_type=\"container\">\n\t\t<div class=\"elementor-element elementor-element-ad2d68b e-con-full e-flex e-con e-child\" data-id=\"ad2d68b\" data-element_type=\"container\">\n\t\t<div class=\"elementor-element elementor-element-61112ec e-con-full e-flex e-con e-child\" data-id=\"61112ec\" data-element_type=\"container\">\n\t\t\t\t<div class=\"elementor-element elementor-element-4693c91 animated-slow elementor-invisible elementor-widget elementor-widget-heading\" data-id=\"4693c91\" data-element_type=\"widget\" data-settings=\"{&quot;_animation&quot;:&quot;fadeInRight&quot;,&quot;_animation_delay&quot;:400}\" data-widget_type=\"heading.default\">\n\t\t\t\t\t<h2 class=\"elementor-heading-title elementor-size-default\">\u00bfC\u00f3mo puedo inhabilitar o eliminar las cookies?<\/h2>\t\t\t\t<\/div>\n\t\t\t\t<\/div>\n\t\t\t\t<\/div>\n\t\t<div class=\"elementor-element elementor-element-144a946 e-con-full e-flex e-con e-child\" data-id=\"144a946\" data-element_type=\"container\">\n\t\t<div class=\"elementor-element elementor-element-f5caa94 e-con-full e-flex e-con e-child\" data-id=\"f5caa94\" data-element_type=\"container\">\n\t\t\t\t<div class=\"elementor-element elementor-element-9f8b50f animated-slow elementor-invisible elementor-widget elementor-widget-text-editor\" data-id=\"9f8b50f\" data-element_type=\"widget\" data-settings=\"{&quot;_animation&quot;:&quot;fadeInUp&quot;,&quot;_animation_delay&quot;:200}\" data-widget_type=\"text-editor.default\">\n\t\t\t\t\t\t\t\t\t<p>Puede permitir, bloquear o eliminar las cookies instaladas en su ordenador configurando sus opciones. En los siguientes enlaces encontrar\u00e1 m\u00e1s informaci\u00f3n sobre la configuraci\u00f3n de las opciones de cookies en los diferentes navegadores <\/p><ul><li><a href=\"https:\/\/support.mozilla.org\/es\/kb\/habilitar-y-deshabilitar-cookies-que-los-sitios-we\" target=\"_blank\" rel=\"noopener noreferrer\">Firefox<\/a><\/li><li><a href=\"https:\/\/support.google.com\/chrome\/answer\/95647?hl=es\" target=\"_blank\" rel=\"noopener noreferrer\">Chrome<\/a><\/li><li><a href=\"https:\/\/support.microsoft.com\/es-es\/windows\/microsoft-edge-datos-de-exploraci%C3%B3n-y-privacidad-bb8174ba-9d73-dcf2-9b4a-c582b4e640dd\" target=\"_blank\" rel=\"noopener noreferrer\">Microsoft Edge<\/a><\/li><li><a href=\"https:\/\/windows.microsoft.com\/es-es\/internet-explorer\/delete-manage-cookies\" target=\"_blank\" rel=\"noopener noreferrer\">Internet Explorer<\/a><\/li><li><a href=\"http:\/\/support.apple.com\/kb\/PH11913\" target=\"_blank\" rel=\"noopener noreferrer\">Safari<\/a><\/li><\/ul>\t\t\t\t\t\t\t\t<\/div>\n\t\t\t\t<\/div>\n\t\t\t\t<\/div>\n\t\t\t\t<\/div>\n\t\t\t\t<\/div>\n\t\t\t\t<\/div>\n\t\t","protected":false},"excerpt":{"rendered":"<p>Pol\u00edtica de cookies. En cumplimiento de lo dispuesto en el art\u00edculo 10 de la Ley 34\/2002 de Servicios de la Sociedad de la Informaci\u00f3n y el Comercio Electr\u00f3nico (LSSI) se informa de lo siguiente: Titular de la p\u00e1gina web. Fundaci\u00f3n Librer\u00eda Les Voltes. CIF. G55188700 Inscrita en el Servicio de Registro y Asesoramiento de Entidades [&hellip;]<\/p>\n","protected":false},"author":1,"featured_media":0,"parent":0,"menu_order":0,"comment_status":"closed","ping_status":"closed","template":"","meta":{"footnotes":""},"class_list":["post-1387","page","type-page","status-publish","hentry"],"yoast_head":"<!-- This site is optimized with the Yoast SEO plugin v26.9 - https:\/\/yoast.com\/product\/yoast-seo-wordpress\/ -->\n<title>Pol\u00edtica de cookies - Fundaci\u00f3 Les Voltes<\/title>\n<meta name=\"robots\" content=\"index, follow, max-snippet:-1, max-image-preview:large, max-video-preview:-1\" \/>\n<link rel=\"canonical\" href=\"https:\/\/lesvoltes.eu\/es\/politica-de-cookies\/\" \/>\n<meta property=\"og:locale\" content=\"es_ES\" \/>\n<meta property=\"og:type\" content=\"article\" \/>\n<meta property=\"og:title\" content=\"Pol\u00edtica de cookies - Fundaci\u00f3 Les Voltes\" \/>\n<meta property=\"og:description\" content=\"Pol\u00edtica de cookies. En cumplimiento de lo dispuesto en el art\u00edculo 10 de la Ley 34\/2002 de Servicios de la Sociedad de la Informaci\u00f3n y el Comercio Electr\u00f3nico (LSSI) se informa de lo siguiente: Titular de la p\u00e1gina web. Fundaci\u00f3n Librer\u00eda Les Voltes. CIF. G55188700 Inscrita en el Servicio de Registro y Asesoramiento de Entidades [&hellip;]\" \/>\n<meta property=\"og:url\" content=\"https:\/\/lesvoltes.eu\/es\/politica-de-cookies\/\" \/>\n<meta property=\"og:site_name\" content=\"Fundaci\u00f3 Les Voltes\" \/>\n<meta property=\"article:modified_time\" content=\"2025-10-23T11:13:09+00:00\" \/>\n<meta name=\"twitter:card\" content=\"summary_large_image\" \/>\n<meta name=\"twitter:label1\" content=\"Tiempo de lectura\" \/>\n\t<meta name=\"twitter:data1\" content=\"2 minutos\" \/>\n<script type=\"application\/ld+json\" class=\"yoast-schema-graph\">{\"@context\":\"https:\/\/schema.org\",\"@graph\":[{\"@type\":\"WebPage\",\"@id\":\"https:\/\/lesvoltes.eu\/es\/politica-de-cookies\/\",\"url\":\"https:\/\/lesvoltes.eu\/es\/politica-de-cookies\/\",\"name\":\"Pol\u00edtica de cookies - Fundaci\u00f3 Les Voltes\",\"isPartOf\":{\"@id\":\"https:\/\/lesvoltes.eu\/es\/#website\"},\"datePublished\":\"2025-10-23T11:09:30+00:00\",\"dateModified\":\"2025-10-23T11:13:09+00:00\",\"breadcrumb\":{\"@id\":\"https:\/\/lesvoltes.eu\/es\/politica-de-cookies\/#breadcrumb\"},\"inLanguage\":\"es\",\"potentialAction\":[{\"@type\":\"ReadAction\",\"target\":[\"https:\/\/lesvoltes.eu\/es\/politica-de-cookies\/\"]}]},{\"@type\":\"BreadcrumbList\",\"@id\":\"https:\/\/lesvoltes.eu\/es\/politica-de-cookies\/#breadcrumb\",\"itemListElement\":[{\"@type\":\"ListItem\",\"position\":1,\"name\":\"Inici\",\"item\":\"https:\/\/lesvoltes.eu\/es\/inicio\/\"},{\"@type\":\"ListItem\",\"position\":2,\"name\":\"Pol\u00edtica de cookies\"}]},{\"@type\":\"WebSite\",\"@id\":\"https:\/\/lesvoltes.eu\/es\/#website\",\"url\":\"https:\/\/lesvoltes.eu\/es\/\",\"name\":\"Fundaci\u00f3 Les Voltes\",\"description\":\"El Pa\u00eds el fa la gent, nosaltres hi posem les eines.\",\"publisher\":{\"@id\":\"https:\/\/lesvoltes.eu\/es\/#organization\"},\"potentialAction\":[{\"@type\":\"SearchAction\",\"target\":{\"@type\":\"EntryPoint\",\"urlTemplate\":\"https:\/\/lesvoltes.eu\/es\/?s={search_term_string}\"},\"query-input\":{\"@type\":\"PropertyValueSpecification\",\"valueRequired\":true,\"valueName\":\"search_term_string\"}}],\"inLanguage\":\"es\"},{\"@type\":\"Organization\",\"@id\":\"https:\/\/lesvoltes.eu\/es\/#organization\",\"name\":\"Fundaci\u00f3 Les Voltes\",\"url\":\"https:\/\/lesvoltes.eu\/es\/\",\"logo\":{\"@type\":\"ImageObject\",\"inLanguage\":\"es\",\"@id\":\"https:\/\/lesvoltes.eu\/es\/#\/schema\/logo\/image\/\",\"url\":\"https:\/\/lesvoltes.eu\/wp-content\/uploads\/2025\/07\/favicon-les-voltes-girona.png\",\"contentUrl\":\"https:\/\/lesvoltes.eu\/wp-content\/uploads\/2025\/07\/favicon-les-voltes-girona.png\",\"width\":1407,\"height\":1406,\"caption\":\"Fundaci\u00f3 Les Voltes\"},\"image\":{\"@id\":\"https:\/\/lesvoltes.eu\/es\/#\/schema\/logo\/image\/\"}}]}<\/script>\n<!-- \/ Yoast SEO plugin. -->","yoast_head_json":{"title":"Pol\u00edtica de cookies - Fundaci\u00f3 Les Voltes","robots":{"index":"index","follow":"follow","max-snippet":"max-snippet:-1","max-image-preview":"max-image-preview:large","max-video-preview":"max-video-preview:-1"},"canonical":"https:\/\/lesvoltes.eu\/es\/politica-de-cookies\/","og_locale":"es_ES","og_type":"article","og_title":"Pol\u00edtica de cookies - Fundaci\u00f3 Les Voltes","og_description":"Pol\u00edtica de cookies. En cumplimiento de lo dispuesto en el art\u00edculo 10 de la Ley 34\/2002 de Servicios de la Sociedad de la Informaci\u00f3n y el Comercio Electr\u00f3nico (LSSI) se informa de lo siguiente: Titular de la p\u00e1gina web. Fundaci\u00f3n Librer\u00eda Les Voltes. CIF. G55188700 Inscrita en el Servicio de Registro y Asesoramiento de Entidades [&hellip;]","og_url":"https:\/\/lesvoltes.eu\/es\/politica-de-cookies\/","og_site_name":"Fundaci\u00f3 Les Voltes","article_modified_time":"2025-10-23T11:13:09+00:00","twitter_card":"summary_large_image","twitter_misc":{"Tiempo de lectura":"2 minutos"},"schema":{"@context":"https:\/\/schema.org","@graph":[{"@type":"WebPage","@id":"https:\/\/lesvoltes.eu\/es\/politica-de-cookies\/","url":"https:\/\/lesvoltes.eu\/es\/politica-de-cookies\/","name":"Pol\u00edtica de cookies - Fundaci\u00f3 Les Voltes","isPartOf":{"@id":"https:\/\/lesvoltes.eu\/es\/#website"},"datePublished":"2025-10-23T11:09:30+00:00","dateModified":"2025-10-23T11:13:09+00:00","breadcrumb":{"@id":"https:\/\/lesvoltes.eu\/es\/politica-de-cookies\/#breadcrumb"},"inLanguage":"es","potentialAction":[{"@type":"ReadAction","target":["https:\/\/lesvoltes.eu\/es\/politica-de-cookies\/"]}]},{"@type":"BreadcrumbList","@id":"https:\/\/lesvoltes.eu\/es\/politica-de-cookies\/#breadcrumb","itemListElement":[{"@type":"ListItem","position":1,"name":"Inici","item":"https:\/\/lesvoltes.eu\/es\/inicio\/"},{"@type":"ListItem","position":2,"name":"Pol\u00edtica de cookies"}]},{"@type":"WebSite","@id":"https:\/\/lesvoltes.eu\/es\/#website","url":"https:\/\/lesvoltes.eu\/es\/","name":"Fundaci\u00f3 Les Voltes","description":"El Pa\u00eds el fa la gent, nosaltres hi posem les eines.","publisher":{"@id":"https:\/\/lesvoltes.eu\/es\/#organization"},"potentialAction":[{"@type":"SearchAction","target":{"@type":"EntryPoint","urlTemplate":"https:\/\/lesvoltes.eu\/es\/?s={search_term_string}"},"query-input":{"@type":"PropertyValueSpecification","valueRequired":true,"valueName":"search_term_string"}}],"inLanguage":"es"},{"@type":"Organization","@id":"https:\/\/lesvoltes.eu\/es\/#organization","name":"Fundaci\u00f3 Les Voltes","url":"https:\/\/lesvoltes.eu\/es\/","logo":{"@type":"ImageObject","inLanguage":"es","@id":"https:\/\/lesvoltes.eu\/es\/#\/schema\/logo\/image\/","url":"https:\/\/lesvoltes.eu\/wp-content\/uploads\/2025\/07\/favicon-les-voltes-girona.png","contentUrl":"https:\/\/lesvoltes.eu\/wp-content\/uploads\/2025\/07\/favicon-les-voltes-girona.png","width":1407,"height":1406,"caption":"Fundaci\u00f3 Les Voltes"},"image":{"@id":"https:\/\/lesvoltes.eu\/es\/#\/schema\/logo\/image\/"}}]}},"_links":{"self":[{"href":"https:\/\/lesvoltes.eu\/es\/wp-json\/wp\/v2\/pages\/1387","targetHints":{"allow":["GET"]}}],"collection":[{"href":"https:\/\/lesvoltes.eu\/es\/wp-json\/wp\/v2\/pages"}],"about":[{"href":"https:\/\/lesvoltes.eu\/es\/wp-json\/wp\/v2\/types\/page"}],"author":[{"embeddable":true,"href":"https:\/\/lesvoltes.eu\/es\/wp-json\/wp\/v2\/users\/1"}],"replies":[{"embeddable":true,"href":"https:\/\/lesvoltes.eu\/es\/wp-json\/wp\/v2\/comments?post=1387"}],"version-history":[{"count":2,"href":"https:\/\/lesvoltes.eu\/es\/wp-json\/wp\/v2\/pages\/1387\/revisions"}],"predecessor-version":[{"id":1394,"href":"https:\/\/lesvoltes.eu\/es\/wp-json\/wp\/v2\/pages\/1387\/revisions\/1394"}],"wp:attachment":[{"href":"https:\/\/lesvoltes.eu\/es\/wp-json\/wp\/v2\/media?parent=1387"}],"curies":[{"name":"wp","href":"https:\/\/api.w.org\/{rel}","templated":true}]}}