{"id":1547,"date":"2025-10-30T09:59:36","date_gmt":"2025-10-30T08:59:36","guid":{"rendered":"https:\/\/lesvoltes.eu\/talleres-para-familias\/"},"modified":"2025-10-30T10:17:10","modified_gmt":"2025-10-30T09:17:10","slug":"talleres-para-familias","status":"publish","type":"page","link":"https:\/\/lesvoltes.eu\/es\/talleres-para-familias\/","title":{"rendered":"Talleres para familias"},"content":{"rendered":"\t\t<div data-elementor-type=\"wp-page\" data-elementor-id=\"1547\" class=\"elementor elementor-1547 elementor-1545\" data-elementor-post-type=\"page\">\n\t\t\t\t<div class=\"elementor-element elementor-element-7eb47fe e-con-full e-flex e-con e-parent\" data-id=\"7eb47fe\" data-element_type=\"container\" data-settings=\"{&quot;background_background&quot;:&quot;classic&quot;}\">\n\t\t<div class=\"elementor-element elementor-element-c4e26bc e-con-full e-flex e-con e-child\" data-id=\"c4e26bc\" data-element_type=\"container\">\n\t\t<div class=\"elementor-element elementor-element-e2cdb4b e-con-full e-flex e-con e-child\" data-id=\"e2cdb4b\" data-element_type=\"container\">\n\t\t\t\t<div class=\"elementor-element elementor-element-fcdb39b animated-slow elementor-invisible elementor-widget elementor-widget-heading\" data-id=\"fcdb39b\" data-element_type=\"widget\" data-settings=\"{&quot;_animation&quot;:&quot;fadeInRight&quot;,&quot;_animation_delay&quot;:400}\" data-widget_type=\"heading.default\">\n\t\t\t\t\t<h1 class=\"elementor-heading-title elementor-size-default\">Talleres para familias.<\/h1>\t\t\t\t<\/div>\n\t\t\t\t<\/div>\n\t\t\t\t<\/div>\n\t\t\t\t<\/div>\n\t\t<div class=\"elementor-element elementor-element-e43da94 e-con-full e-flex e-con e-parent\" data-id=\"e43da94\" data-element_type=\"container\">\n\t\t<div class=\"elementor-element elementor-element-393f46c e-con-full e-flex e-con e-child\" data-id=\"393f46c\" data-element_type=\"container\">\n\t\t<div class=\"elementor-element elementor-element-279f1bf e-con-full e-flex e-con e-child\" data-id=\"279f1bf\" data-element_type=\"container\">\n\t\t\t\t<div class=\"elementor-element elementor-element-1ce73f9 elementor-widget elementor-widget-jet-listing-grid\" data-id=\"1ce73f9\" data-element_type=\"widget\" id=\"tallers\" data-settings=\"{&quot;columns&quot;:3,&quot;columns_tablet&quot;:&quot;2&quot;,&quot;columns_mobile&quot;:&quot;1&quot;}\" data-widget_type=\"jet-listing-grid.default\">\n\t\t\t\t\t<div class=\"jet-listing-grid jet-listing\"><div class=\"jet-listing-grid__items grid-col-desk-3 grid-col-tablet-2 grid-col-mobile-1 jet-listing-grid--1548 jet-equal-columns__wrapper grid-collapse-gap\" data-queried-id=\"1547|WP_Post\" data-nav=\"{&quot;enabled&quot;:false,&quot;type&quot;:null,&quot;more_el&quot;:null,&quot;query&quot;:[],&quot;widget_settings&quot;:{&quot;lisitng_id&quot;:1548,&quot;posts_num&quot;:6,&quot;columns&quot;:3,&quot;columns_tablet&quot;:2,&quot;columns_mobile&quot;:1,&quot;column_min_width&quot;:240,&quot;column_min_width_tablet&quot;:240,&quot;column_min_width_mobile&quot;:240,&quot;inline_columns_css&quot;:false,&quot;is_archive_template&quot;:&quot;&quot;,&quot;post_status&quot;:[&quot;publish&quot;],&quot;use_random_posts_num&quot;:&quot;&quot;,&quot;max_posts_num&quot;:9,&quot;not_found_message&quot;:&quot;No se encontraron talleres relacionados&quot;,&quot;is_masonry&quot;:false,&quot;equal_columns_height&quot;:&quot;yes&quot;,&quot;use_load_more&quot;:&quot;&quot;,&quot;load_more_id&quot;:&quot;&quot;,&quot;load_more_type&quot;:&quot;click&quot;,&quot;load_more_offset&quot;:{&quot;unit&quot;:&quot;px&quot;,&quot;size&quot;:0,&quot;sizes&quot;:[]},&quot;use_custom_post_types&quot;:&quot;&quot;,&quot;custom_post_types&quot;:[],&quot;hide_widget_if&quot;:&quot;&quot;,&quot;carousel_enabled&quot;:&quot;&quot;,&quot;slides_to_scroll&quot;:&quot;1&quot;,&quot;arrows&quot;:&quot;true&quot;,&quot;arrow_icon&quot;:&quot;fa fa-angle-left&quot;,&quot;dots&quot;:&quot;&quot;,&quot;autoplay&quot;:&quot;true&quot;,&quot;pause_on_hover&quot;:&quot;true&quot;,&quot;autoplay_speed&quot;:5000,&quot;infinite&quot;:&quot;true&quot;,&quot;center_mode&quot;:&quot;&quot;,&quot;effect&quot;:&quot;slide&quot;,&quot;speed&quot;:500,&quot;inject_alternative_items&quot;:&quot;&quot;,&quot;injection_items&quot;:[],&quot;scroll_slider_enabled&quot;:&quot;&quot;,&quot;scroll_slider_on&quot;:[&quot;desktop&quot;,&quot;tablet&quot;,&quot;mobile&quot;],&quot;custom_query&quot;:false,&quot;custom_query_id&quot;:&quot;&quot;,&quot;_element_id&quot;:&quot;tallers&quot;,&quot;collapse_first_last_gap&quot;:&quot;true&quot;,&quot;list_tag_selection&quot;:&quot;&quot;,&quot;list_items_wrapper_tag&quot;:&quot;div&quot;,&quot;list_item_tag&quot;:&quot;div&quot;,&quot;empty_items_wrapper_tag&quot;:&quot;div&quot;}}\" data-page=\"1\" data-pages=\"1\" data-listing-source=\"posts\" data-listing-id=\"1548\" data-query-id=\"\"><div class=\"jet-listing-grid__item jet-listing-dynamic-post-1511 jet-equal-columns\" data-post-id=\"1511\"  >\t\t<div data-elementor-type=\"jet-listing-items\" data-elementor-id=\"1549\" class=\"elementor elementor-1549 elementor-1548\" data-elementor-post-type=\"jet-engine\">\n\t\t\t\t<a class=\"elementor-element elementor-element-0381f09 e-con-full e-flex e-con e-parent\" data-id=\"0381f09\" data-element_type=\"container\" href=\"https:\/\/lesvoltes.eu\/es\/tallers-families\/i-tu-de-petita-que-volies-ser\/\">\n\t\t<div class=\"elementor-element elementor-element-0eeb924 e-con-full e-flex e-con e-child\" data-id=\"0eeb924\" data-element_type=\"container\">\n\t\t\t\t<div class=\"elementor-element elementor-element-4f50f00 elementor-widget elementor-widget-image\" data-id=\"4f50f00\" data-element_type=\"widget\" data-widget_type=\"image.default\">\n\t\t\t\t\t\t\t\t\t\t\t\t\t\t\t<img fetchpriority=\"high\" decoding=\"async\" width=\"800\" height=\"450\" src=\"https:\/\/lesvoltes.eu\/wp-content\/uploads\/2025\/10\/14-12-taller-i-tu-de-petita-31d60225.jpeg\" class=\"attachment-large size-large wp-image-1512\" alt=\"Tres persones llegint un llibre\" srcset=\"https:\/\/lesvoltes.eu\/wp-content\/uploads\/2025\/10\/14-12-taller-i-tu-de-petita-31d60225.jpeg 1024w, https:\/\/lesvoltes.eu\/wp-content\/uploads\/2025\/10\/14-12-taller-i-tu-de-petita-31d60225-300x169.jpeg 300w, https:\/\/lesvoltes.eu\/wp-content\/uploads\/2025\/10\/14-12-taller-i-tu-de-petita-31d60225-768x432.jpeg 768w, https:\/\/lesvoltes.eu\/wp-content\/uploads\/2025\/10\/14-12-taller-i-tu-de-petita-31d60225-600x338.jpeg 600w\" sizes=\"(max-width: 800px) 100vw, 800px\" \/>\t\t\t\t\t\t\t\t\t\t\t\t\t\t\t<\/div>\n\t\t\t\t<div class=\"elementor-element elementor-element-3a9d8ab elementor-widget elementor-widget-jet-listing-dynamic-field\" data-id=\"3a9d8ab\" data-element_type=\"widget\" data-widget_type=\"jet-listing-dynamic-field.default\">\n\t\t\t\t\t<div class=\"jet-listing jet-listing-dynamic-field display-inline\"><div class=\"jet-listing-dynamic-field__inline-wrap\"><h2 class=\"jet-listing-dynamic-field__content\">I tu, de petita qu\u00e8 volies ser?<\/h2><\/div><\/div>\t\t\t\t<\/div>\n\t\t\t\t<\/div>\n\t\t\t\t<\/a>\n\t\t\t\t<\/div>\n\t\t<\/div><div class=\"jet-listing-grid__item jet-listing-dynamic-post-1508 jet-equal-columns\" data-post-id=\"1508\"  >\t\t<div data-elementor-type=\"jet-listing-items\" data-elementor-id=\"1549\" class=\"elementor elementor-1549 elementor-1548\" data-elementor-post-type=\"jet-engine\">\n\t\t\t\t<a class=\"elementor-element elementor-element-0381f09 e-con-full e-flex e-con e-parent\" data-id=\"0381f09\" data-element_type=\"container\" href=\"https:\/\/lesvoltes.eu\/es\/tallers-families\/ioga-en-familia\/\">\n\t\t<div class=\"elementor-element elementor-element-0eeb924 e-con-full e-flex e-con e-child\" data-id=\"0eeb924\" data-element_type=\"container\">\n\t\t\t\t<div class=\"elementor-element elementor-element-4f50f00 elementor-widget elementor-widget-image\" data-id=\"4f50f00\" data-element_type=\"widget\" data-widget_type=\"image.default\">\n\t\t\t\t\t\t\t\t\t\t\t\t\t\t\t<img decoding=\"async\" width=\"800\" height=\"450\" src=\"https:\/\/lesvoltes.eu\/wp-content\/uploads\/2025\/10\/ioga-en-familia-45083806.jpeg\" class=\"attachment-large size-large wp-image-1509\" alt=\"Detall Ioga\" srcset=\"https:\/\/lesvoltes.eu\/wp-content\/uploads\/2025\/10\/ioga-en-familia-45083806.jpeg 1024w, https:\/\/lesvoltes.eu\/wp-content\/uploads\/2025\/10\/ioga-en-familia-45083806-300x169.jpeg 300w, https:\/\/lesvoltes.eu\/wp-content\/uploads\/2025\/10\/ioga-en-familia-45083806-768x432.jpeg 768w, https:\/\/lesvoltes.eu\/wp-content\/uploads\/2025\/10\/ioga-en-familia-45083806-600x338.jpeg 600w\" sizes=\"(max-width: 800px) 100vw, 800px\" \/>\t\t\t\t\t\t\t\t\t\t\t\t\t\t\t<\/div>\n\t\t\t\t<div class=\"elementor-element elementor-element-3a9d8ab elementor-widget elementor-widget-jet-listing-dynamic-field\" data-id=\"3a9d8ab\" data-element_type=\"widget\" data-widget_type=\"jet-listing-dynamic-field.default\">\n\t\t\t\t\t<div class=\"jet-listing jet-listing-dynamic-field display-inline\"><div class=\"jet-listing-dynamic-field__inline-wrap\"><h2 class=\"jet-listing-dynamic-field__content\">Ioga en fam\u00edlia<\/h2><\/div><\/div>\t\t\t\t<\/div>\n\t\t\t\t<\/div>\n\t\t\t\t<\/a>\n\t\t\t\t<\/div>\n\t\t<\/div><\/div><\/div>\t\t\t\t<\/div>\n\t\t\t\t<div class=\"elementor-element elementor-element-8c02e26 elementor-widget elementor-widget-jet-smart-filters-pagination\" data-id=\"8c02e26\" data-element_type=\"widget\" data-widget_type=\"jet-smart-filters-pagination.default\">\n\t\t\t\t<div class=\"elementor-widget-container\">\n\t\t\t\t\t<div\n\t\t\t\tclass=\"jet-smart-filters-pagination jet-filter\"\n\t\t\t\tdata-apply-provider=\"jet-engine\"\n\t\t\t\tdata-content-provider=\"jet-engine\"\n\t\t\t\tdata-query-id=\"tallers\"\n\t\t\t\tdata-controls=\"{&quot;items_enabled&quot;:true,&quot;pages_mid_size&quot;:2,&quot;pages_end_size&quot;:2,&quot;nav_enabled&quot;:true,&quot;prev&quot;:&quot;&lt;&quot;,&quot;next&quot;:&quot;&gt;&quot;,&quot;hide_inactive_nav&quot;:true,&quot;load_more_enabled&quot;:false,&quot;provider_top_offset&quot;:0}\"\n\t\t\t\tdata-apply-type=\"ajax\"\n\t\t\t><\/div>\t\t\t\t<\/div>\n\t\t\t\t<\/div>\n\t\t\t\t<\/div>\n\t\t\t\t<\/div>\n\t\t\t\t<\/div>\n\t\t\t\t<\/div>\n\t\t","protected":false},"excerpt":{"rendered":"<p>Talleres para familias. I tu, de petita qu\u00e8 volies ser? Ioga en fam\u00edlia<\/p>\n","protected":false},"author":1,"featured_media":0,"parent":0,"menu_order":0,"comment_status":"closed","ping_status":"closed","template":"","meta":{"footnotes":""},"class_list":["post-1547","page","type-page","status-publish","hentry"],"yoast_head":"<!-- This site is optimized with the Yoast SEO plugin v26.9 - https:\/\/yoast.com\/product\/yoast-seo-wordpress\/ -->\n<title>Talleres para familias - Fundaci\u00f3 Les Voltes<\/title>\n<meta name=\"robots\" content=\"index, follow, max-snippet:-1, max-image-preview:large, max-video-preview:-1\" \/>\n<link rel=\"canonical\" href=\"https:\/\/lesvoltes.eu\/es\/talleres-para-familias\/\" \/>\n<meta property=\"og:locale\" content=\"es_ES\" \/>\n<meta property=\"og:type\" content=\"article\" \/>\n<meta property=\"og:title\" content=\"Talleres para familias - Fundaci\u00f3 Les Voltes\" \/>\n<meta property=\"og:description\" content=\"Talleres para familias. I tu, de petita qu\u00e8 volies ser? Ioga en fam\u00edlia\" \/>\n<meta property=\"og:url\" content=\"https:\/\/lesvoltes.eu\/es\/talleres-para-familias\/\" \/>\n<meta property=\"og:site_name\" content=\"Fundaci\u00f3 Les Voltes\" \/>\n<meta property=\"article:modified_time\" content=\"2025-10-30T09:17:10+00:00\" \/>\n<meta name=\"twitter:card\" content=\"summary_large_image\" \/>\n<script type=\"application\/ld+json\" class=\"yoast-schema-graph\">{\"@context\":\"https:\/\/schema.org\",\"@graph\":[{\"@type\":\"WebPage\",\"@id\":\"https:\/\/lesvoltes.eu\/es\/talleres-para-familias\/\",\"url\":\"https:\/\/lesvoltes.eu\/es\/talleres-para-familias\/\",\"name\":\"Talleres para familias - Fundaci\u00f3 Les Voltes\",\"isPartOf\":{\"@id\":\"https:\/\/lesvoltes.eu\/es\/#website\"},\"datePublished\":\"2025-10-30T08:59:36+00:00\",\"dateModified\":\"2025-10-30T09:17:10+00:00\",\"breadcrumb\":{\"@id\":\"https:\/\/lesvoltes.eu\/es\/talleres-para-familias\/#breadcrumb\"},\"inLanguage\":\"es\",\"potentialAction\":[{\"@type\":\"ReadAction\",\"target\":[\"https:\/\/lesvoltes.eu\/es\/talleres-para-familias\/\"]}]},{\"@type\":\"BreadcrumbList\",\"@id\":\"https:\/\/lesvoltes.eu\/es\/talleres-para-familias\/#breadcrumb\",\"itemListElement\":[{\"@type\":\"ListItem\",\"position\":1,\"name\":\"Inici\",\"item\":\"https:\/\/lesvoltes.eu\/es\/inicio\/\"},{\"@type\":\"ListItem\",\"position\":2,\"name\":\"Talleres para familias\"}]},{\"@type\":\"WebSite\",\"@id\":\"https:\/\/lesvoltes.eu\/es\/#website\",\"url\":\"https:\/\/lesvoltes.eu\/es\/\",\"name\":\"Fundaci\u00f3 Les Voltes\",\"description\":\"El Pa\u00eds el fa la gent, nosaltres hi posem les eines.\",\"publisher\":{\"@id\":\"https:\/\/lesvoltes.eu\/es\/#organization\"},\"potentialAction\":[{\"@type\":\"SearchAction\",\"target\":{\"@type\":\"EntryPoint\",\"urlTemplate\":\"https:\/\/lesvoltes.eu\/es\/?s={search_term_string}\"},\"query-input\":{\"@type\":\"PropertyValueSpecification\",\"valueRequired\":true,\"valueName\":\"search_term_string\"}}],\"inLanguage\":\"es\"},{\"@type\":\"Organization\",\"@id\":\"https:\/\/lesvoltes.eu\/es\/#organization\",\"name\":\"Fundaci\u00f3 Les Voltes\",\"url\":\"https:\/\/lesvoltes.eu\/es\/\",\"logo\":{\"@type\":\"ImageObject\",\"inLanguage\":\"es\",\"@id\":\"https:\/\/lesvoltes.eu\/es\/#\/schema\/logo\/image\/\",\"url\":\"https:\/\/lesvoltes.eu\/wp-content\/uploads\/2025\/07\/favicon-les-voltes-girona.png\",\"contentUrl\":\"https:\/\/lesvoltes.eu\/wp-content\/uploads\/2025\/07\/favicon-les-voltes-girona.png\",\"width\":1407,\"height\":1406,\"caption\":\"Fundaci\u00f3 Les Voltes\"},\"image\":{\"@id\":\"https:\/\/lesvoltes.eu\/es\/#\/schema\/logo\/image\/\"}}]}<\/script>\n<!-- \/ Yoast SEO plugin. -->","yoast_head_json":{"title":"Talleres para familias - Fundaci\u00f3 Les Voltes","robots":{"index":"index","follow":"follow","max-snippet":"max-snippet:-1","max-image-preview":"max-image-preview:large","max-video-preview":"max-video-preview:-1"},"canonical":"https:\/\/lesvoltes.eu\/es\/talleres-para-familias\/","og_locale":"es_ES","og_type":"article","og_title":"Talleres para familias - Fundaci\u00f3 Les Voltes","og_description":"Talleres para familias. I tu, de petita qu\u00e8 volies ser? Ioga en fam\u00edlia","og_url":"https:\/\/lesvoltes.eu\/es\/talleres-para-familias\/","og_site_name":"Fundaci\u00f3 Les Voltes","article_modified_time":"2025-10-30T09:17:10+00:00","twitter_card":"summary_large_image","schema":{"@context":"https:\/\/schema.org","@graph":[{"@type":"WebPage","@id":"https:\/\/lesvoltes.eu\/es\/talleres-para-familias\/","url":"https:\/\/lesvoltes.eu\/es\/talleres-para-familias\/","name":"Talleres para familias - Fundaci\u00f3 Les Voltes","isPartOf":{"@id":"https:\/\/lesvoltes.eu\/es\/#website"},"datePublished":"2025-10-30T08:59:36+00:00","dateModified":"2025-10-30T09:17:10+00:00","breadcrumb":{"@id":"https:\/\/lesvoltes.eu\/es\/talleres-para-familias\/#breadcrumb"},"inLanguage":"es","potentialAction":[{"@type":"ReadAction","target":["https:\/\/lesvoltes.eu\/es\/talleres-para-familias\/"]}]},{"@type":"BreadcrumbList","@id":"https:\/\/lesvoltes.eu\/es\/talleres-para-familias\/#breadcrumb","itemListElement":[{"@type":"ListItem","position":1,"name":"Inici","item":"https:\/\/lesvoltes.eu\/es\/inicio\/"},{"@type":"ListItem","position":2,"name":"Talleres para familias"}]},{"@type":"WebSite","@id":"https:\/\/lesvoltes.eu\/es\/#website","url":"https:\/\/lesvoltes.eu\/es\/","name":"Fundaci\u00f3 Les Voltes","description":"El Pa\u00eds el fa la gent, nosaltres hi posem les eines.","publisher":{"@id":"https:\/\/lesvoltes.eu\/es\/#organization"},"potentialAction":[{"@type":"SearchAction","target":{"@type":"EntryPoint","urlTemplate":"https:\/\/lesvoltes.eu\/es\/?s={search_term_string}"},"query-input":{"@type":"PropertyValueSpecification","valueRequired":true,"valueName":"search_term_string"}}],"inLanguage":"es"},{"@type":"Organization","@id":"https:\/\/lesvoltes.eu\/es\/#organization","name":"Fundaci\u00f3 Les Voltes","url":"https:\/\/lesvoltes.eu\/es\/","logo":{"@type":"ImageObject","inLanguage":"es","@id":"https:\/\/lesvoltes.eu\/es\/#\/schema\/logo\/image\/","url":"https:\/\/lesvoltes.eu\/wp-content\/uploads\/2025\/07\/favicon-les-voltes-girona.png","contentUrl":"https:\/\/lesvoltes.eu\/wp-content\/uploads\/2025\/07\/favicon-les-voltes-girona.png","width":1407,"height":1406,"caption":"Fundaci\u00f3 Les Voltes"},"image":{"@id":"https:\/\/lesvoltes.eu\/es\/#\/schema\/logo\/image\/"}}]}},"_links":{"self":[{"href":"https:\/\/lesvoltes.eu\/es\/wp-json\/wp\/v2\/pages\/1547","targetHints":{"allow":["GET"]}}],"collection":[{"href":"https:\/\/lesvoltes.eu\/es\/wp-json\/wp\/v2\/pages"}],"about":[{"href":"https:\/\/lesvoltes.eu\/es\/wp-json\/wp\/v2\/types\/page"}],"author":[{"embeddable":true,"href":"https:\/\/lesvoltes.eu\/es\/wp-json\/wp\/v2\/users\/1"}],"replies":[{"embeddable":true,"href":"https:\/\/lesvoltes.eu\/es\/wp-json\/wp\/v2\/comments?post=1547"}],"version-history":[{"count":4,"href":"https:\/\/lesvoltes.eu\/es\/wp-json\/wp\/v2\/pages\/1547\/revisions"}],"predecessor-version":[{"id":1578,"href":"https:\/\/lesvoltes.eu\/es\/wp-json\/wp\/v2\/pages\/1547\/revisions\/1578"}],"wp:attachment":[{"href":"https:\/\/lesvoltes.eu\/es\/wp-json\/wp\/v2\/media?parent=1547"}],"curies":[{"name":"wp","href":"https:\/\/api.w.org\/{rel}","templated":true}]}}