{"id":1574,"date":"2025-10-30T10:16:34","date_gmt":"2025-10-30T09:16:34","guid":{"rendered":"https:\/\/lesvoltes.eu\/propuestas-didacticas-para-escuelas\/"},"modified":"2026-02-09T09:45:04","modified_gmt":"2026-02-09T08:45:04","slug":"propuestas-didacticas-para-escuelas","status":"publish","type":"page","link":"https:\/\/lesvoltes.eu\/es\/propuestas-didacticas-para-escuelas\/","title":{"rendered":"Propuestas did\u00e1cticas para escuelas"},"content":{"rendered":"\t\t<div data-elementor-type=\"wp-page\" data-elementor-id=\"1574\" class=\"elementor elementor-1574 elementor-1572\" data-elementor-post-type=\"page\">\n\t\t\t\t<div class=\"elementor-element elementor-element-f09935b e-con-full e-flex e-con e-parent\" data-id=\"f09935b\" data-element_type=\"container\" data-settings=\"{&quot;background_background&quot;:&quot;classic&quot;}\">\n\t\t<div class=\"elementor-element elementor-element-cff61e3 e-con-full e-flex e-con e-child\" data-id=\"cff61e3\" data-element_type=\"container\">\n\t\t<div class=\"elementor-element elementor-element-9993714 e-con-full e-flex e-con e-child\" data-id=\"9993714\" data-element_type=\"container\">\n\t\t\t\t<div class=\"elementor-element elementor-element-070522a animated-slow elementor-invisible elementor-widget elementor-widget-heading\" data-id=\"070522a\" data-element_type=\"widget\" data-settings=\"{&quot;_animation&quot;:&quot;fadeInRight&quot;,&quot;_animation_delay&quot;:400}\" data-widget_type=\"heading.default\">\n\t\t\t\t\t<h1 class=\"elementor-heading-title elementor-size-default\">Propuestas did\u00e1cticas para escuelas.<\/h1>\t\t\t\t<\/div>\n\t\t\t\t<\/div>\n\t\t\t\t<\/div>\n\t\t\t\t<\/div>\n\t\t<div class=\"elementor-element elementor-element-3e1ab0a e-con-full e-flex e-con e-parent\" data-id=\"3e1ab0a\" data-element_type=\"container\">\n\t\t<div class=\"elementor-element elementor-element-16eb7be e-con-full e-flex e-con e-child\" data-id=\"16eb7be\" data-element_type=\"container\">\n\t\t<div class=\"elementor-element elementor-element-7697d6b e-con-full e-flex e-con e-child\" data-id=\"7697d6b\" data-element_type=\"container\">\n\t\t\t\t<div class=\"elementor-element elementor-element-e0602f0 elementor-widget elementor-widget-jet-listing-grid\" data-id=\"e0602f0\" data-element_type=\"widget\" id=\"propostes\" data-settings=\"{&quot;columns&quot;:3,&quot;columns_tablet&quot;:&quot;2&quot;,&quot;columns_mobile&quot;:&quot;1&quot;}\" data-widget_type=\"jet-listing-grid.default\">\n\t\t\t\t\t<div class=\"jet-listing-grid jet-listing\"><div class=\"jet-listing-grid__items grid-col-desk-3 grid-col-tablet-2 grid-col-mobile-1 jet-listing-grid--1566 jet-equal-columns__wrapper grid-collapse-gap\" data-queried-id=\"1574|WP_Post\" data-nav=\"{&quot;enabled&quot;:false,&quot;type&quot;:null,&quot;more_el&quot;:null,&quot;query&quot;:[],&quot;widget_settings&quot;:{&quot;lisitng_id&quot;:1566,&quot;posts_num&quot;:6,&quot;columns&quot;:3,&quot;columns_tablet&quot;:2,&quot;columns_mobile&quot;:1,&quot;column_min_width&quot;:240,&quot;column_min_width_tablet&quot;:240,&quot;column_min_width_mobile&quot;:240,&quot;inline_columns_css&quot;:false,&quot;is_archive_template&quot;:&quot;&quot;,&quot;post_status&quot;:[&quot;publish&quot;],&quot;use_random_posts_num&quot;:&quot;&quot;,&quot;max_posts_num&quot;:9,&quot;not_found_message&quot;:&quot;No se encontraron talleres relacionados&quot;,&quot;is_masonry&quot;:false,&quot;equal_columns_height&quot;:&quot;yes&quot;,&quot;use_load_more&quot;:&quot;&quot;,&quot;load_more_id&quot;:&quot;&quot;,&quot;load_more_type&quot;:&quot;click&quot;,&quot;load_more_offset&quot;:{&quot;unit&quot;:&quot;px&quot;,&quot;size&quot;:0,&quot;sizes&quot;:[]},&quot;use_custom_post_types&quot;:&quot;&quot;,&quot;custom_post_types&quot;:[],&quot;hide_widget_if&quot;:&quot;&quot;,&quot;carousel_enabled&quot;:&quot;&quot;,&quot;slides_to_scroll&quot;:&quot;1&quot;,&quot;arrows&quot;:&quot;true&quot;,&quot;arrow_icon&quot;:&quot;fa fa-angle-left&quot;,&quot;dots&quot;:&quot;&quot;,&quot;autoplay&quot;:&quot;true&quot;,&quot;pause_on_hover&quot;:&quot;true&quot;,&quot;autoplay_speed&quot;:5000,&quot;infinite&quot;:&quot;true&quot;,&quot;center_mode&quot;:&quot;&quot;,&quot;effect&quot;:&quot;slide&quot;,&quot;speed&quot;:500,&quot;inject_alternative_items&quot;:&quot;&quot;,&quot;injection_items&quot;:[],&quot;scroll_slider_enabled&quot;:&quot;&quot;,&quot;scroll_slider_on&quot;:[&quot;desktop&quot;,&quot;tablet&quot;,&quot;mobile&quot;],&quot;custom_query&quot;:false,&quot;custom_query_id&quot;:&quot;&quot;,&quot;_element_id&quot;:&quot;propostes&quot;,&quot;collapse_first_last_gap&quot;:&quot;true&quot;,&quot;list_tag_selection&quot;:&quot;&quot;,&quot;list_items_wrapper_tag&quot;:&quot;div&quot;,&quot;list_item_tag&quot;:&quot;div&quot;,&quot;empty_items_wrapper_tag&quot;:&quot;div&quot;}}\" data-page=\"1\" data-pages=\"1\" data-listing-source=\"posts\" data-listing-id=\"1566\" data-query-id=\"\"><div class=\"jet-listing-grid__item jet-listing-dynamic-post-1504 jet-equal-columns\" data-post-id=\"1504\"  >\t\t<div data-elementor-type=\"jet-listing-items\" data-elementor-id=\"1567\" class=\"elementor elementor-1567 elementor-1566\" data-elementor-post-type=\"jet-engine\">\n\t\t\t\t<a class=\"elementor-element elementor-element-e5a19f2 e-con-full e-flex e-con e-parent\" data-id=\"e5a19f2\" data-element_type=\"container\" href=\"https:\/\/lesvoltes.eu\/es\/propostes\/juguem-a-fer-un-rusinol-fem-teatre-representem-lobra-lalegria-que-passa-de-santiago-rusinol\/\">\n\t\t<div class=\"elementor-element elementor-element-602b866 e-con-full e-flex e-con e-child\" data-id=\"602b866\" data-element_type=\"container\">\n\t\t\t\t<div class=\"elementor-element elementor-element-032ea90 elementor-widget elementor-widget-image\" data-id=\"032ea90\" data-element_type=\"widget\" data-widget_type=\"image.default\">\n\t\t\t\t\t\t\t\t\t\t\t\t\t\t\t<img fetchpriority=\"high\" decoding=\"async\" width=\"800\" height=\"450\" src=\"https:\/\/lesvoltes.eu\/wp-content\/uploads\/2025\/10\/juguem-fer-rusinol-e175722e-1024x576.jpeg\" class=\"attachment-large size-large wp-image-1505\" alt=\"Teatre\" srcset=\"https:\/\/lesvoltes.eu\/wp-content\/uploads\/2025\/10\/juguem-fer-rusinol-e175722e-1024x576.jpeg 1024w, https:\/\/lesvoltes.eu\/wp-content\/uploads\/2025\/10\/juguem-fer-rusinol-e175722e-300x169.jpeg 300w, https:\/\/lesvoltes.eu\/wp-content\/uploads\/2025\/10\/juguem-fer-rusinol-e175722e-768x432.jpeg 768w, https:\/\/lesvoltes.eu\/wp-content\/uploads\/2025\/10\/juguem-fer-rusinol-e175722e-1536x864.jpeg 1536w, https:\/\/lesvoltes.eu\/wp-content\/uploads\/2025\/10\/juguem-fer-rusinol-e175722e-600x338.jpeg 600w, https:\/\/lesvoltes.eu\/wp-content\/uploads\/2025\/10\/juguem-fer-rusinol-e175722e.jpeg 1920w\" sizes=\"(max-width: 800px) 100vw, 800px\" \/>\t\t\t\t\t\t\t\t\t\t\t\t\t\t\t<\/div>\n\t\t\t\t<div class=\"elementor-element elementor-element-6966241 elementor-widget elementor-widget-jet-listing-dynamic-field\" data-id=\"6966241\" data-element_type=\"widget\" data-widget_type=\"jet-listing-dynamic-field.default\">\n\t\t\t\t\t<div class=\"jet-listing jet-listing-dynamic-field display-inline\"><div class=\"jet-listing-dynamic-field__inline-wrap\"><h2 class=\"jet-listing-dynamic-field__content\">Juguem a fer un Rusi\u00f1ol? Fem teatre! Representem l'obra: l'alegria que passa de Santiago Rusi\u00f1ol<\/h2><\/div><\/div>\t\t\t\t<\/div>\n\t\t\t\t<\/div>\n\t\t\t\t<\/a>\n\t\t\t\t<\/div>\n\t\t<\/div><div class=\"jet-listing-grid__item jet-listing-dynamic-post-1501 jet-equal-columns\" data-post-id=\"1501\"  >\t\t<div data-elementor-type=\"jet-listing-items\" data-elementor-id=\"1567\" class=\"elementor elementor-1567 elementor-1566\" data-elementor-post-type=\"jet-engine\">\n\t\t\t\t<a class=\"elementor-element elementor-element-e5a19f2 e-con-full e-flex e-con e-parent\" data-id=\"e5a19f2\" data-element_type=\"container\" href=\"https:\/\/lesvoltes.eu\/es\/propostes\/els-herois-i-les-heroines-del-teatre-classic-catala\/\">\n\t\t<div class=\"elementor-element elementor-element-602b866 e-con-full e-flex e-con e-child\" data-id=\"602b866\" data-element_type=\"container\">\n\t\t\t\t<div class=\"elementor-element elementor-element-032ea90 elementor-widget elementor-widget-image\" data-id=\"032ea90\" data-element_type=\"widget\" data-widget_type=\"image.default\">\n\t\t\t\t\t\t\t\t\t\t\t\t\t\t\t<img decoding=\"async\" width=\"800\" height=\"450\" src=\"https:\/\/lesvoltes.eu\/wp-content\/uploads\/2025\/10\/herois-heroines-teatre-dd3bf6d4.jpeg\" class=\"attachment-large size-large wp-image-1502\" alt=\"Teatre\" srcset=\"https:\/\/lesvoltes.eu\/wp-content\/uploads\/2025\/10\/herois-heroines-teatre-dd3bf6d4.jpeg 1024w, https:\/\/lesvoltes.eu\/wp-content\/uploads\/2025\/10\/herois-heroines-teatre-dd3bf6d4-300x169.jpeg 300w, https:\/\/lesvoltes.eu\/wp-content\/uploads\/2025\/10\/herois-heroines-teatre-dd3bf6d4-768x432.jpeg 768w, https:\/\/lesvoltes.eu\/wp-content\/uploads\/2025\/10\/herois-heroines-teatre-dd3bf6d4-600x338.jpeg 600w\" sizes=\"(max-width: 800px) 100vw, 800px\" \/>\t\t\t\t\t\t\t\t\t\t\t\t\t\t\t<\/div>\n\t\t\t\t<div class=\"elementor-element elementor-element-6966241 elementor-widget elementor-widget-jet-listing-dynamic-field\" data-id=\"6966241\" data-element_type=\"widget\" data-widget_type=\"jet-listing-dynamic-field.default\">\n\t\t\t\t\t<div class=\"jet-listing jet-listing-dynamic-field display-inline\"><div class=\"jet-listing-dynamic-field__inline-wrap\"><h2 class=\"jet-listing-dynamic-field__content\">Els herois i les hero\u00efnes del teatre cl\u00e0ssic catal\u00e0<\/h2><\/div><\/div>\t\t\t\t<\/div>\n\t\t\t\t<\/div>\n\t\t\t\t<\/a>\n\t\t\t\t<\/div>\n\t\t<\/div><div class=\"jet-listing-grid__item jet-listing-dynamic-post-1498 jet-equal-columns\" data-post-id=\"1498\"  >\t\t<div data-elementor-type=\"jet-listing-items\" data-elementor-id=\"1567\" class=\"elementor elementor-1567 elementor-1566\" data-elementor-post-type=\"jet-engine\">\n\t\t\t\t<a class=\"elementor-element elementor-element-e5a19f2 e-con-full e-flex e-con e-parent\" data-id=\"e5a19f2\" data-element_type=\"container\" href=\"https:\/\/lesvoltes.eu\/es\/propostes\/una-vida-en-el-teatre\/\">\n\t\t<div class=\"elementor-element elementor-element-602b866 e-con-full e-flex e-con e-child\" data-id=\"602b866\" data-element_type=\"container\">\n\t\t\t\t<div class=\"elementor-element elementor-element-032ea90 elementor-widget elementor-widget-image\" data-id=\"032ea90\" data-element_type=\"widget\" data-widget_type=\"image.default\">\n\t\t\t\t\t\t\t\t\t\t\t\t\t\t\t<img decoding=\"async\" width=\"800\" height=\"450\" src=\"https:\/\/lesvoltes.eu\/wp-content\/uploads\/2025\/10\/una-vida-teatre-f1bd8d44.jpeg\" class=\"attachment-large size-large wp-image-1499\" alt=\"Teatre\" srcset=\"https:\/\/lesvoltes.eu\/wp-content\/uploads\/2025\/10\/una-vida-teatre-f1bd8d44.jpeg 1024w, https:\/\/lesvoltes.eu\/wp-content\/uploads\/2025\/10\/una-vida-teatre-f1bd8d44-300x169.jpeg 300w, https:\/\/lesvoltes.eu\/wp-content\/uploads\/2025\/10\/una-vida-teatre-f1bd8d44-768x432.jpeg 768w, https:\/\/lesvoltes.eu\/wp-content\/uploads\/2025\/10\/una-vida-teatre-f1bd8d44-600x338.jpeg 600w\" sizes=\"(max-width: 800px) 100vw, 800px\" \/>\t\t\t\t\t\t\t\t\t\t\t\t\t\t\t<\/div>\n\t\t\t\t<div class=\"elementor-element elementor-element-6966241 elementor-widget elementor-widget-jet-listing-dynamic-field\" data-id=\"6966241\" data-element_type=\"widget\" data-widget_type=\"jet-listing-dynamic-field.default\">\n\t\t\t\t\t<div class=\"jet-listing jet-listing-dynamic-field display-inline\"><div class=\"jet-listing-dynamic-field__inline-wrap\"><h2 class=\"jet-listing-dynamic-field__content\">Una vida en el teatre<\/h2><\/div><\/div>\t\t\t\t<\/div>\n\t\t\t\t<\/div>\n\t\t\t\t<\/a>\n\t\t\t\t<\/div>\n\t\t<\/div><\/div><\/div>\t\t\t\t<\/div>\n\t\t\t\t<div class=\"elementor-element elementor-element-0746f32 elementor-widget elementor-widget-jet-smart-filters-pagination\" data-id=\"0746f32\" data-element_type=\"widget\" data-widget_type=\"jet-smart-filters-pagination.default\">\n\t\t\t\t<div class=\"elementor-widget-container\">\n\t\t\t\t\t<div\n\t\t\t\tclass=\"jet-smart-filters-pagination jet-filter\"\n\t\t\t\tdata-apply-provider=\"jet-engine\"\n\t\t\t\tdata-content-provider=\"jet-engine\"\n\t\t\t\tdata-query-id=\"propostes\"\n\t\t\t\tdata-controls=\"{&quot;items_enabled&quot;:true,&quot;pages_mid_size&quot;:2,&quot;pages_end_size&quot;:2,&quot;nav_enabled&quot;:true,&quot;prev&quot;:&quot;&lt;&quot;,&quot;next&quot;:&quot;&gt;&quot;,&quot;hide_inactive_nav&quot;:true,&quot;load_more_enabled&quot;:false,&quot;provider_top_offset&quot;:0}\"\n\t\t\t\tdata-apply-type=\"ajax\"\n\t\t\t><\/div>\t\t\t\t<\/div>\n\t\t\t\t<\/div>\n\t\t\t\t<\/div>\n\t\t\t\t<\/div>\n\t\t\t\t<\/div>\n\t\t\t\t<\/div>\n\t\t","protected":false},"excerpt":{"rendered":"<p>Propuestas did\u00e1cticas para escuelas. Juguem a fer un Rusi\u00f1ol? Fem teatre! Representem l&#8217;obra: l&#8217;alegria que passa de Santiago Rusi\u00f1ol Els herois i les hero\u00efnes del teatre cl\u00e0ssic catal\u00e0 Una vida en el teatre<\/p>\n","protected":false},"author":1,"featured_media":0,"parent":0,"menu_order":0,"comment_status":"closed","ping_status":"closed","template":"","meta":{"footnotes":""},"class_list":["post-1574","page","type-page","status-publish","hentry"],"yoast_head":"<!-- This site is optimized with the Yoast SEO plugin v26.9 - https:\/\/yoast.com\/product\/yoast-seo-wordpress\/ -->\n<title>Propuestas did\u00e1cticas para escuelas - Fundaci\u00f3 Les Voltes<\/title>\n<meta name=\"robots\" content=\"index, follow, max-snippet:-1, max-image-preview:large, max-video-preview:-1\" \/>\n<link rel=\"canonical\" href=\"https:\/\/lesvoltes.eu\/es\/propuestas-didacticas-para-escuelas\/\" \/>\n<meta property=\"og:locale\" content=\"es_ES\" \/>\n<meta property=\"og:type\" content=\"article\" \/>\n<meta property=\"og:title\" content=\"Propuestas did\u00e1cticas para escuelas - Fundaci\u00f3 Les Voltes\" \/>\n<meta property=\"og:description\" content=\"Propuestas did\u00e1cticas para escuelas. Juguem a fer un Rusi\u00f1ol? Fem teatre! Representem l&#8217;obra: l&#8217;alegria que passa de Santiago Rusi\u00f1ol Els herois i les hero\u00efnes del teatre cl\u00e0ssic catal\u00e0 Una vida en el teatre\" \/>\n<meta property=\"og:url\" content=\"https:\/\/lesvoltes.eu\/es\/propuestas-didacticas-para-escuelas\/\" \/>\n<meta property=\"og:site_name\" content=\"Fundaci\u00f3 Les Voltes\" \/>\n<meta property=\"article:modified_time\" content=\"2026-02-09T08:45:04+00:00\" \/>\n<meta name=\"twitter:card\" content=\"summary_large_image\" \/>\n<script type=\"application\/ld+json\" class=\"yoast-schema-graph\">{\"@context\":\"https:\/\/schema.org\",\"@graph\":[{\"@type\":\"WebPage\",\"@id\":\"https:\/\/lesvoltes.eu\/es\/propuestas-didacticas-para-escuelas\/\",\"url\":\"https:\/\/lesvoltes.eu\/es\/propuestas-didacticas-para-escuelas\/\",\"name\":\"Propuestas did\u00e1cticas para escuelas - Fundaci\u00f3 Les Voltes\",\"isPartOf\":{\"@id\":\"https:\/\/lesvoltes.eu\/es\/#website\"},\"datePublished\":\"2025-10-30T09:16:34+00:00\",\"dateModified\":\"2026-02-09T08:45:04+00:00\",\"breadcrumb\":{\"@id\":\"https:\/\/lesvoltes.eu\/es\/propuestas-didacticas-para-escuelas\/#breadcrumb\"},\"inLanguage\":\"es\",\"potentialAction\":[{\"@type\":\"ReadAction\",\"target\":[\"https:\/\/lesvoltes.eu\/es\/propuestas-didacticas-para-escuelas\/\"]}]},{\"@type\":\"BreadcrumbList\",\"@id\":\"https:\/\/lesvoltes.eu\/es\/propuestas-didacticas-para-escuelas\/#breadcrumb\",\"itemListElement\":[{\"@type\":\"ListItem\",\"position\":1,\"name\":\"Inici\",\"item\":\"https:\/\/lesvoltes.eu\/es\/inicio\/\"},{\"@type\":\"ListItem\",\"position\":2,\"name\":\"Propuestas did\u00e1cticas para escuelas\"}]},{\"@type\":\"WebSite\",\"@id\":\"https:\/\/lesvoltes.eu\/es\/#website\",\"url\":\"https:\/\/lesvoltes.eu\/es\/\",\"name\":\"Fundaci\u00f3 Les Voltes\",\"description\":\"El Pa\u00eds el fa la gent, nosaltres hi posem les eines.\",\"publisher\":{\"@id\":\"https:\/\/lesvoltes.eu\/es\/#organization\"},\"potentialAction\":[{\"@type\":\"SearchAction\",\"target\":{\"@type\":\"EntryPoint\",\"urlTemplate\":\"https:\/\/lesvoltes.eu\/es\/?s={search_term_string}\"},\"query-input\":{\"@type\":\"PropertyValueSpecification\",\"valueRequired\":true,\"valueName\":\"search_term_string\"}}],\"inLanguage\":\"es\"},{\"@type\":\"Organization\",\"@id\":\"https:\/\/lesvoltes.eu\/es\/#organization\",\"name\":\"Fundaci\u00f3 Les Voltes\",\"url\":\"https:\/\/lesvoltes.eu\/es\/\",\"logo\":{\"@type\":\"ImageObject\",\"inLanguage\":\"es\",\"@id\":\"https:\/\/lesvoltes.eu\/es\/#\/schema\/logo\/image\/\",\"url\":\"https:\/\/lesvoltes.eu\/wp-content\/uploads\/2025\/07\/favicon-les-voltes-girona.png\",\"contentUrl\":\"https:\/\/lesvoltes.eu\/wp-content\/uploads\/2025\/07\/favicon-les-voltes-girona.png\",\"width\":1407,\"height\":1406,\"caption\":\"Fundaci\u00f3 Les Voltes\"},\"image\":{\"@id\":\"https:\/\/lesvoltes.eu\/es\/#\/schema\/logo\/image\/\"}}]}<\/script>\n<!-- \/ Yoast SEO plugin. -->","yoast_head_json":{"title":"Propuestas did\u00e1cticas para escuelas - Fundaci\u00f3 Les Voltes","robots":{"index":"index","follow":"follow","max-snippet":"max-snippet:-1","max-image-preview":"max-image-preview:large","max-video-preview":"max-video-preview:-1"},"canonical":"https:\/\/lesvoltes.eu\/es\/propuestas-didacticas-para-escuelas\/","og_locale":"es_ES","og_type":"article","og_title":"Propuestas did\u00e1cticas para escuelas - Fundaci\u00f3 Les Voltes","og_description":"Propuestas did\u00e1cticas para escuelas. Juguem a fer un Rusi\u00f1ol? Fem teatre! Representem l&#8217;obra: l&#8217;alegria que passa de Santiago Rusi\u00f1ol Els herois i les hero\u00efnes del teatre cl\u00e0ssic catal\u00e0 Una vida en el teatre","og_url":"https:\/\/lesvoltes.eu\/es\/propuestas-didacticas-para-escuelas\/","og_site_name":"Fundaci\u00f3 Les Voltes","article_modified_time":"2026-02-09T08:45:04+00:00","twitter_card":"summary_large_image","schema":{"@context":"https:\/\/schema.org","@graph":[{"@type":"WebPage","@id":"https:\/\/lesvoltes.eu\/es\/propuestas-didacticas-para-escuelas\/","url":"https:\/\/lesvoltes.eu\/es\/propuestas-didacticas-para-escuelas\/","name":"Propuestas did\u00e1cticas para escuelas - Fundaci\u00f3 Les Voltes","isPartOf":{"@id":"https:\/\/lesvoltes.eu\/es\/#website"},"datePublished":"2025-10-30T09:16:34+00:00","dateModified":"2026-02-09T08:45:04+00:00","breadcrumb":{"@id":"https:\/\/lesvoltes.eu\/es\/propuestas-didacticas-para-escuelas\/#breadcrumb"},"inLanguage":"es","potentialAction":[{"@type":"ReadAction","target":["https:\/\/lesvoltes.eu\/es\/propuestas-didacticas-para-escuelas\/"]}]},{"@type":"BreadcrumbList","@id":"https:\/\/lesvoltes.eu\/es\/propuestas-didacticas-para-escuelas\/#breadcrumb","itemListElement":[{"@type":"ListItem","position":1,"name":"Inici","item":"https:\/\/lesvoltes.eu\/es\/inicio\/"},{"@type":"ListItem","position":2,"name":"Propuestas did\u00e1cticas para escuelas"}]},{"@type":"WebSite","@id":"https:\/\/lesvoltes.eu\/es\/#website","url":"https:\/\/lesvoltes.eu\/es\/","name":"Fundaci\u00f3 Les Voltes","description":"El Pa\u00eds el fa la gent, nosaltres hi posem les eines.","publisher":{"@id":"https:\/\/lesvoltes.eu\/es\/#organization"},"potentialAction":[{"@type":"SearchAction","target":{"@type":"EntryPoint","urlTemplate":"https:\/\/lesvoltes.eu\/es\/?s={search_term_string}"},"query-input":{"@type":"PropertyValueSpecification","valueRequired":true,"valueName":"search_term_string"}}],"inLanguage":"es"},{"@type":"Organization","@id":"https:\/\/lesvoltes.eu\/es\/#organization","name":"Fundaci\u00f3 Les Voltes","url":"https:\/\/lesvoltes.eu\/es\/","logo":{"@type":"ImageObject","inLanguage":"es","@id":"https:\/\/lesvoltes.eu\/es\/#\/schema\/logo\/image\/","url":"https:\/\/lesvoltes.eu\/wp-content\/uploads\/2025\/07\/favicon-les-voltes-girona.png","contentUrl":"https:\/\/lesvoltes.eu\/wp-content\/uploads\/2025\/07\/favicon-les-voltes-girona.png","width":1407,"height":1406,"caption":"Fundaci\u00f3 Les Voltes"},"image":{"@id":"https:\/\/lesvoltes.eu\/es\/#\/schema\/logo\/image\/"}}]}},"_links":{"self":[{"href":"https:\/\/lesvoltes.eu\/es\/wp-json\/wp\/v2\/pages\/1574","targetHints":{"allow":["GET"]}}],"collection":[{"href":"https:\/\/lesvoltes.eu\/es\/wp-json\/wp\/v2\/pages"}],"about":[{"href":"https:\/\/lesvoltes.eu\/es\/wp-json\/wp\/v2\/types\/page"}],"author":[{"embeddable":true,"href":"https:\/\/lesvoltes.eu\/es\/wp-json\/wp\/v2\/users\/1"}],"replies":[{"embeddable":true,"href":"https:\/\/lesvoltes.eu\/es\/wp-json\/wp\/v2\/comments?post=1574"}],"version-history":[{"count":3,"href":"https:\/\/lesvoltes.eu\/es\/wp-json\/wp\/v2\/pages\/1574\/revisions"}],"predecessor-version":[{"id":1588,"href":"https:\/\/lesvoltes.eu\/es\/wp-json\/wp\/v2\/pages\/1574\/revisions\/1588"}],"wp:attachment":[{"href":"https:\/\/lesvoltes.eu\/es\/wp-json\/wp\/v2\/media?parent=1574"}],"curies":[{"name":"wp","href":"https:\/\/api.w.org\/{rel}","templated":true}]}}