{"id":1952,"date":"2026-05-14T11:16:59","date_gmt":"2026-05-14T09:16:59","guid":{"rendered":"https:\/\/lesvoltes.eu\/formacion\/"},"modified":"2026-05-14T11:21:03","modified_gmt":"2026-05-14T09:21:03","slug":"formacion","status":"publish","type":"page","link":"https:\/\/lesvoltes.eu\/es\/formacion\/","title":{"rendered":"Formaci\u00f3n"},"content":{"rendered":"\t\t<div data-elementor-type=\"wp-page\" data-elementor-id=\"1952\" class=\"elementor elementor-1952 elementor-1950\" data-elementor-post-type=\"page\">\n\t\t\t\t<div class=\"elementor-element elementor-element-cf65c20 e-con-full e-flex e-con e-parent\" data-id=\"cf65c20\" data-element_type=\"container\" data-e-type=\"container\" data-settings=\"{&quot;background_background&quot;:&quot;classic&quot;}\">\n\t\t<div class=\"elementor-element elementor-element-b330a7c e-con-full e-flex e-con e-child\" data-id=\"b330a7c\" data-element_type=\"container\" data-e-type=\"container\">\n\t\t\t\t<div class=\"elementor-element elementor-element-3677935 animated-slow elementor-invisible elementor-widget elementor-widget-image\" data-id=\"3677935\" data-element_type=\"widget\" data-e-type=\"widget\" data-settings=\"{&quot;_animation&quot;:&quot;fadeIn&quot;}\" data-widget_type=\"image.default\">\n\t\t\t\t\t\t\t\t\t\t\t\t\t\t\t<img fetchpriority=\"high\" decoding=\"async\" width=\"800\" height=\"90\" src=\"https:\/\/lesvoltes.eu\/wp-content\/uploads\/2025\/07\/logoLesVoltesTipo-1024x115.png\" class=\"attachment-large size-large wp-image-1080\" alt=\"Logotip\" srcset=\"https:\/\/lesvoltes.eu\/wp-content\/uploads\/2025\/07\/logoLesVoltesTipo-1024x115.png 1024w, https:\/\/lesvoltes.eu\/wp-content\/uploads\/2025\/07\/logoLesVoltesTipo-300x34.png 300w, https:\/\/lesvoltes.eu\/wp-content\/uploads\/2025\/07\/logoLesVoltesTipo-768x87.png 768w, https:\/\/lesvoltes.eu\/wp-content\/uploads\/2025\/07\/logoLesVoltesTipo.png 1065w\" sizes=\"(max-width: 800px) 100vw, 800px\" \/>\t\t\t\t\t\t\t\t\t\t\t\t\t\t\t<\/div>\n\t\t\t\t<div class=\"elementor-element elementor-element-51a6f45 animated-slow elementor-widget-divider--view-line elementor-invisible elementor-widget elementor-widget-divider\" data-id=\"51a6f45\" data-element_type=\"widget\" data-e-type=\"widget\" data-settings=\"{&quot;_animation&quot;:&quot;fadeInLeft&quot;,&quot;_animation_delay&quot;:200}\" data-widget_type=\"divider.default\">\n\t\t\t\t\t\t\t<div class=\"elementor-divider\">\n\t\t\t<span class=\"elementor-divider-separator\">\n\t\t\t\t\t\t<\/span>\n\t\t<\/div>\n\t\t\t\t\t\t<\/div>\n\t\t\t\t<div class=\"elementor-element elementor-element-2925562 animated-slow elementor-invisible elementor-widget elementor-widget-heading\" data-id=\"2925562\" data-element_type=\"widget\" data-e-type=\"widget\" data-settings=\"{&quot;_animation&quot;:&quot;fadeInUp&quot;,&quot;_animation_delay&quot;:400}\" data-widget_type=\"heading.default\">\n\t\t\t\t\t<h1 class=\"elementor-heading-title elementor-size-default\">Formaci\u00f3n<\/h1>\t\t\t\t<\/div>\n\t\t\t\t<\/div>\n\t\t\t\t<\/div>\n\t\t<div class=\"elementor-element elementor-element-f1e8ed7 e-con-full e-flex e-con e-parent\" data-id=\"f1e8ed7\" data-element_type=\"container\" data-e-type=\"container\">\n\t\t<div class=\"elementor-element elementor-element-852a09a e-con-full e-flex e-con e-child\" data-id=\"852a09a\" data-element_type=\"container\" data-e-type=\"container\">\n\t\t<div class=\"elementor-element elementor-element-4ee9c32 e-con-full e-flex e-con e-child\" data-id=\"4ee9c32\" data-element_type=\"container\" data-e-type=\"container\">\n\t\t\t\t<div class=\"elementor-element elementor-element-232016c animated-slow elementor-invisible elementor-widget elementor-widget-heading\" data-id=\"232016c\" data-element_type=\"widget\" data-e-type=\"widget\" data-settings=\"{&quot;_animation&quot;:&quot;fadeInLeft&quot;,&quot;_animation_delay&quot;:400}\" data-widget_type=\"heading.default\">\n\t\t\t\t\t<h2 class=\"elementor-heading-title elementor-size-default\">Formaciones<\/h2>\t\t\t\t<\/div>\n\t\t\t\t<\/div>\n\t\t\t\t<\/div>\n\t\t<div class=\"elementor-element elementor-element-217d0ce e-con-full e-flex e-con e-child\" data-id=\"217d0ce\" data-element_type=\"container\" data-e-type=\"container\">\n\t\t<a class=\"elementor-element elementor-element-f5347c2 e-con-full info animated-slow e-flex elementor-invisible e-con e-child\" data-id=\"f5347c2\" data-element_type=\"container\" data-e-type=\"container\" data-settings=\"{&quot;animation&quot;:&quot;fadeInUp&quot;,&quot;animation_delay&quot;:200}\" href=\"https:\/\/lesvoltes.eu\/es\/cursos\/\">\n\t\t\t\t<div class=\"elementor-element elementor-element-4eb4ad0 text elementor-widget elementor-widget-text-editor\" data-id=\"4eb4ad0\" data-element_type=\"widget\" data-e-type=\"widget\" data-widget_type=\"text-editor.default\">\n\t\t\t\t\t\t\t\t\t<p>Cursos<\/p>\t\t\t\t\t\t\t\t<\/div>\n\t\t\t\t<\/a>\n\t\t<a class=\"elementor-element elementor-element-c80beee e-con-full info animated-slow e-flex elementor-invisible e-con e-child\" data-id=\"c80beee\" data-element_type=\"container\" data-e-type=\"container\" data-settings=\"{&quot;animation&quot;:&quot;fadeInUp&quot;,&quot;animation_delay&quot;:400}\" href=\"https:\/\/lesvoltes.eu\/es\/propuestas-didacticas-para-escuelas\/\">\n\t\t\t\t<div class=\"elementor-element elementor-element-d1b78ea text elementor-widget elementor-widget-text-editor\" data-id=\"d1b78ea\" data-element_type=\"widget\" data-e-type=\"widget\" data-widget_type=\"text-editor.default\">\n\t\t\t\t\t\t\t\t\t<p>Propuestas did\u00e1cticas para escuelas<\/p>\t\t\t\t\t\t\t\t<\/div>\n\t\t\t\t<\/a>\n\t\t<a class=\"elementor-element elementor-element-cecaa7a e-con-full info animated-slow e-flex elementor-invisible e-con e-child\" data-id=\"cecaa7a\" data-element_type=\"container\" data-e-type=\"container\" data-settings=\"{&quot;animation&quot;:&quot;fadeInUp&quot;,&quot;animation_delay&quot;:600}\" href=\"https:\/\/lesvoltes.eu\/es\/talleres-para-familias\/\">\n\t\t\t\t<div class=\"elementor-element elementor-element-3b0e1c8 text elementor-widget elementor-widget-text-editor\" data-id=\"3b0e1c8\" data-element_type=\"widget\" data-e-type=\"widget\" data-widget_type=\"text-editor.default\">\n\t\t\t\t\t\t\t\t\t<p>Talleres para familias<\/p>\t\t\t\t\t\t\t\t<\/div>\n\t\t\t\t<\/a>\n\t\t\t\t<\/div>\n\t\t\t\t<\/div>\n\t\t\t\t<\/div>\n\t\t","protected":false},"excerpt":{"rendered":"<p>Formaci\u00f3n Formaciones Cursos Propuestas did\u00e1cticas para escuelas Talleres para familias<\/p>\n","protected":false},"author":1,"featured_media":0,"parent":0,"menu_order":0,"comment_status":"closed","ping_status":"closed","template":"","meta":{"footnotes":""},"class_list":["post-1952","page","type-page","status-publish","hentry"],"yoast_head":"<!-- This site is optimized with the Yoast SEO plugin v27.6 - https:\/\/yoast.com\/product\/yoast-seo-wordpress\/ -->\n<title>Formaci\u00f3n - Fundaci\u00f3 Les Voltes<\/title>\n<meta name=\"robots\" content=\"index, follow, max-snippet:-1, max-image-preview:large, max-video-preview:-1\" \/>\n<link rel=\"canonical\" href=\"https:\/\/lesvoltes.eu\/es\/formacion\/\" \/>\n<meta property=\"og:locale\" content=\"es_ES\" \/>\n<meta property=\"og:type\" content=\"article\" \/>\n<meta property=\"og:title\" content=\"Formaci\u00f3n - Fundaci\u00f3 Les Voltes\" \/>\n<meta property=\"og:description\" content=\"Formaci\u00f3n Formaciones Cursos Propuestas did\u00e1cticas para escuelas Talleres para familias\" \/>\n<meta property=\"og:url\" content=\"https:\/\/lesvoltes.eu\/es\/formacion\/\" \/>\n<meta property=\"og:site_name\" content=\"Fundaci\u00f3 Les Voltes\" \/>\n<meta property=\"article:modified_time\" content=\"2026-05-14T09:21:03+00:00\" \/>\n<meta property=\"og:image\" content=\"https:\/\/lesvoltes.eu\/wp-content\/uploads\/2025\/07\/logoLesVoltesTipo.png\" \/>\n\t<meta property=\"og:image:width\" content=\"1065\" \/>\n\t<meta property=\"og:image:height\" content=\"120\" \/>\n\t<meta property=\"og:image:type\" content=\"image\/png\" \/>\n<meta name=\"twitter:card\" content=\"summary_large_image\" \/>\n<script type=\"application\/ld+json\" class=\"yoast-schema-graph\">{\"@context\":\"https:\\\/\\\/schema.org\",\"@graph\":[{\"@type\":\"WebPage\",\"@id\":\"https:\\\/\\\/lesvoltes.eu\\\/es\\\/formacion\\\/\",\"url\":\"https:\\\/\\\/lesvoltes.eu\\\/es\\\/formacion\\\/\",\"name\":\"Formaci\u00f3n - Fundaci\u00f3 Les Voltes\",\"isPartOf\":{\"@id\":\"https:\\\/\\\/lesvoltes.eu\\\/es\\\/#website\"},\"primaryImageOfPage\":{\"@id\":\"https:\\\/\\\/lesvoltes.eu\\\/es\\\/formacion\\\/#primaryimage\"},\"image\":{\"@id\":\"https:\\\/\\\/lesvoltes.eu\\\/es\\\/formacion\\\/#primaryimage\"},\"thumbnailUrl\":\"https:\\\/\\\/lesvoltes.eu\\\/wp-content\\\/uploads\\\/2025\\\/07\\\/logoLesVoltesTipo-1024x115.png\",\"datePublished\":\"2026-05-14T09:16:59+00:00\",\"dateModified\":\"2026-05-14T09:21:03+00:00\",\"breadcrumb\":{\"@id\":\"https:\\\/\\\/lesvoltes.eu\\\/es\\\/formacion\\\/#breadcrumb\"},\"inLanguage\":\"es\",\"potentialAction\":[{\"@type\":\"ReadAction\",\"target\":[\"https:\\\/\\\/lesvoltes.eu\\\/es\\\/formacion\\\/\"]}]},{\"@type\":\"ImageObject\",\"inLanguage\":\"es\",\"@id\":\"https:\\\/\\\/lesvoltes.eu\\\/es\\\/formacion\\\/#primaryimage\",\"url\":\"https:\\\/\\\/lesvoltes.eu\\\/wp-content\\\/uploads\\\/2025\\\/07\\\/logoLesVoltesTipo-1024x115.png\",\"contentUrl\":\"https:\\\/\\\/lesvoltes.eu\\\/wp-content\\\/uploads\\\/2025\\\/07\\\/logoLesVoltesTipo-1024x115.png\"},{\"@type\":\"BreadcrumbList\",\"@id\":\"https:\\\/\\\/lesvoltes.eu\\\/es\\\/formacion\\\/#breadcrumb\",\"itemListElement\":[{\"@type\":\"ListItem\",\"position\":1,\"name\":\"Inici\",\"item\":\"https:\\\/\\\/lesvoltes.eu\\\/es\\\/\"},{\"@type\":\"ListItem\",\"position\":2,\"name\":\"Formaci\u00f3n\"}]},{\"@type\":\"WebSite\",\"@id\":\"https:\\\/\\\/lesvoltes.eu\\\/es\\\/#website\",\"url\":\"https:\\\/\\\/lesvoltes.eu\\\/es\\\/\",\"name\":\"Fundaci\u00f3 Les Voltes\",\"description\":\"El Pa\u00eds el fa la gent, nosaltres hi posem les eines.\",\"publisher\":{\"@id\":\"https:\\\/\\\/lesvoltes.eu\\\/es\\\/#organization\"},\"potentialAction\":[{\"@type\":\"SearchAction\",\"target\":{\"@type\":\"EntryPoint\",\"urlTemplate\":\"https:\\\/\\\/lesvoltes.eu\\\/es\\\/?s={search_term_string}\"},\"query-input\":{\"@type\":\"PropertyValueSpecification\",\"valueRequired\":true,\"valueName\":\"search_term_string\"}}],\"inLanguage\":\"es\"},{\"@type\":\"Organization\",\"@id\":\"https:\\\/\\\/lesvoltes.eu\\\/es\\\/#organization\",\"name\":\"Fundaci\u00f3 Les Voltes\",\"url\":\"https:\\\/\\\/lesvoltes.eu\\\/es\\\/\",\"logo\":{\"@type\":\"ImageObject\",\"inLanguage\":\"es\",\"@id\":\"https:\\\/\\\/lesvoltes.eu\\\/es\\\/#\\\/schema\\\/logo\\\/image\\\/\",\"url\":\"https:\\\/\\\/lesvoltes.eu\\\/wp-content\\\/uploads\\\/2025\\\/07\\\/favicon-les-voltes-girona.png\",\"contentUrl\":\"https:\\\/\\\/lesvoltes.eu\\\/wp-content\\\/uploads\\\/2025\\\/07\\\/favicon-les-voltes-girona.png\",\"width\":1407,\"height\":1406,\"caption\":\"Fundaci\u00f3 Les Voltes\"},\"image\":{\"@id\":\"https:\\\/\\\/lesvoltes.eu\\\/es\\\/#\\\/schema\\\/logo\\\/image\\\/\"}}]}<\/script>\n<!-- \/ Yoast SEO plugin. -->","yoast_head_json":{"title":"Formaci\u00f3n - Fundaci\u00f3 Les Voltes","robots":{"index":"index","follow":"follow","max-snippet":"max-snippet:-1","max-image-preview":"max-image-preview:large","max-video-preview":"max-video-preview:-1"},"canonical":"https:\/\/lesvoltes.eu\/es\/formacion\/","og_locale":"es_ES","og_type":"article","og_title":"Formaci\u00f3n - Fundaci\u00f3 Les Voltes","og_description":"Formaci\u00f3n Formaciones Cursos Propuestas did\u00e1cticas para escuelas Talleres para familias","og_url":"https:\/\/lesvoltes.eu\/es\/formacion\/","og_site_name":"Fundaci\u00f3 Les Voltes","article_modified_time":"2026-05-14T09:21:03+00:00","og_image":[{"width":1065,"height":120,"url":"https:\/\/lesvoltes.eu\/wp-content\/uploads\/2025\/07\/logoLesVoltesTipo.png","type":"image\/png"}],"twitter_card":"summary_large_image","schema":{"@context":"https:\/\/schema.org","@graph":[{"@type":"WebPage","@id":"https:\/\/lesvoltes.eu\/es\/formacion\/","url":"https:\/\/lesvoltes.eu\/es\/formacion\/","name":"Formaci\u00f3n - Fundaci\u00f3 Les Voltes","isPartOf":{"@id":"https:\/\/lesvoltes.eu\/es\/#website"},"primaryImageOfPage":{"@id":"https:\/\/lesvoltes.eu\/es\/formacion\/#primaryimage"},"image":{"@id":"https:\/\/lesvoltes.eu\/es\/formacion\/#primaryimage"},"thumbnailUrl":"https:\/\/lesvoltes.eu\/wp-content\/uploads\/2025\/07\/logoLesVoltesTipo-1024x115.png","datePublished":"2026-05-14T09:16:59+00:00","dateModified":"2026-05-14T09:21:03+00:00","breadcrumb":{"@id":"https:\/\/lesvoltes.eu\/es\/formacion\/#breadcrumb"},"inLanguage":"es","potentialAction":[{"@type":"ReadAction","target":["https:\/\/lesvoltes.eu\/es\/formacion\/"]}]},{"@type":"ImageObject","inLanguage":"es","@id":"https:\/\/lesvoltes.eu\/es\/formacion\/#primaryimage","url":"https:\/\/lesvoltes.eu\/wp-content\/uploads\/2025\/07\/logoLesVoltesTipo-1024x115.png","contentUrl":"https:\/\/lesvoltes.eu\/wp-content\/uploads\/2025\/07\/logoLesVoltesTipo-1024x115.png"},{"@type":"BreadcrumbList","@id":"https:\/\/lesvoltes.eu\/es\/formacion\/#breadcrumb","itemListElement":[{"@type":"ListItem","position":1,"name":"Inici","item":"https:\/\/lesvoltes.eu\/es\/"},{"@type":"ListItem","position":2,"name":"Formaci\u00f3n"}]},{"@type":"WebSite","@id":"https:\/\/lesvoltes.eu\/es\/#website","url":"https:\/\/lesvoltes.eu\/es\/","name":"Fundaci\u00f3 Les Voltes","description":"El Pa\u00eds el fa la gent, nosaltres hi posem les eines.","publisher":{"@id":"https:\/\/lesvoltes.eu\/es\/#organization"},"potentialAction":[{"@type":"SearchAction","target":{"@type":"EntryPoint","urlTemplate":"https:\/\/lesvoltes.eu\/es\/?s={search_term_string}"},"query-input":{"@type":"PropertyValueSpecification","valueRequired":true,"valueName":"search_term_string"}}],"inLanguage":"es"},{"@type":"Organization","@id":"https:\/\/lesvoltes.eu\/es\/#organization","name":"Fundaci\u00f3 Les Voltes","url":"https:\/\/lesvoltes.eu\/es\/","logo":{"@type":"ImageObject","inLanguage":"es","@id":"https:\/\/lesvoltes.eu\/es\/#\/schema\/logo\/image\/","url":"https:\/\/lesvoltes.eu\/wp-content\/uploads\/2025\/07\/favicon-les-voltes-girona.png","contentUrl":"https:\/\/lesvoltes.eu\/wp-content\/uploads\/2025\/07\/favicon-les-voltes-girona.png","width":1407,"height":1406,"caption":"Fundaci\u00f3 Les Voltes"},"image":{"@id":"https:\/\/lesvoltes.eu\/es\/#\/schema\/logo\/image\/"}}]}},"_links":{"self":[{"href":"https:\/\/lesvoltes.eu\/es\/wp-json\/wp\/v2\/pages\/1952","targetHints":{"allow":["GET"]}}],"collection":[{"href":"https:\/\/lesvoltes.eu\/es\/wp-json\/wp\/v2\/pages"}],"about":[{"href":"https:\/\/lesvoltes.eu\/es\/wp-json\/wp\/v2\/types\/page"}],"author":[{"embeddable":true,"href":"https:\/\/lesvoltes.eu\/es\/wp-json\/wp\/v2\/users\/1"}],"replies":[{"embeddable":true,"href":"https:\/\/lesvoltes.eu\/es\/wp-json\/wp\/v2\/comments?post=1952"}],"version-history":[{"count":3,"href":"https:\/\/lesvoltes.eu\/es\/wp-json\/wp\/v2\/pages\/1952\/revisions"}],"predecessor-version":[{"id":1961,"href":"https:\/\/lesvoltes.eu\/es\/wp-json\/wp\/v2\/pages\/1952\/revisions\/1961"}],"wp:attachment":[{"href":"https:\/\/lesvoltes.eu\/es\/wp-json\/wp\/v2\/media?parent=1952"}],"curies":[{"name":"wp","href":"https:\/\/api.w.org\/{rel}","templated":true}]}}