{"id":1209,"date":"2025-07-30T10:24:08","date_gmt":"2025-07-30T08:24:08","guid":{"rendered":"https:\/\/lesvoltes.eu\/producte\/relatos-de-santpetesburg\/"},"modified":"2025-07-30T10:24:08","modified_gmt":"2025-07-30T08:24:08","slug":"relatos-de-santpetesburg","status":"publish","type":"product","link":"https:\/\/lesvoltes.eu\/es\/producte\/relatos-de-santpetesburg\/","title":{"rendered":"Relatos de Santpetesburg"},"content":{"rendered":"<p>Una nariz que cobra vida. Un funcionario sencillo cuya posesi\u00f3n m\u00e1s preciada es un abrigo. Un hombre que pierde lentamente la raz\u00f3n. \u00c9stas son algunas de las historias de esta compilaci\u00f3n, una selecci\u00f3n de los cinco mejores relatos de Nikolai G\u00f3gol ambientados en San Petersburgo. En cada uno descubrimos una cara diferente de la entonces capital del Imperio Ruso.<\/p>\n<p>Los Relatos de San Petersburgo son la introducci\u00f3n perfecta a Nikolai G\u00f3gol, uno de los autores m\u00e1s destacados en lengua rusa. Pionero del grotesco y con un estilo que combina s\u00e1tira, realismo y fantas\u00eda, ha inspirado a autores posteriores como Fi\u00f3dor Dostoievski, Anton Ch\u00e9jov o Vladimir Nabokov. En esta recopilaci\u00f3n, crea un mosaico literario que captura la complejidad de la vida urbana y las relaciones humanas en San Petersburgo.<\/p>\n","protected":false},"excerpt":{"rendered":"<p>Una nariz que cobra vida. Un funcionario sencillo cuya posesi\u00f3n m\u00e1s preciada es un abrigo. Un hombre que pierde lentamente la raz\u00f3n. \u00c9stas son algunas de las historias de esta compilaci\u00f3n, una selecci\u00f3n de los cinco mejores relatos de Nikolai G\u00f3gol ambientados en San Petersburgo. En cada uno descubrimos una cara diferente de la entonces [&hellip;]<\/p>\n","protected":false},"featured_media":592,"comment_status":"open","ping_status":"closed","template":"","meta":[],"product_brand":[],"product_cat":[71],"product_tag":[72],"autor":[69],"editorial":[70],"class_list":{"0":"post-1209","1":"product","2":"type-product","3":"status-publish","4":"has-post-thumbnail","6":"product_cat-literatura-traducida","7":"product_tag-novedad","8":"autor-nikolai-gogol-es","9":"editorial-clandestina-es","11":"first","12":"instock","13":"taxable","14":"shipping-taxable","15":"purchasable","16":"product-type-simple"},"yoast_head":"<!-- This site is optimized with the Yoast SEO plugin v26.9 - https:\/\/yoast.com\/product\/yoast-seo-wordpress\/ -->\n<title>Relatos de Santpetesburg - Fundaci\u00f3 Les Voltes<\/title>\n<meta name=\"robots\" content=\"index, follow, max-snippet:-1, max-image-preview:large, max-video-preview:-1\" \/>\n<link rel=\"canonical\" href=\"https:\/\/lesvoltes.eu\/es\/producte\/relatos-de-santpetesburg\/\" \/>\n<meta property=\"og:locale\" content=\"es_ES\" \/>\n<meta property=\"og:type\" content=\"article\" \/>\n<meta property=\"og:title\" content=\"Relatos de Santpetesburg - Fundaci\u00f3 Les Voltes\" \/>\n<meta property=\"og:description\" content=\"Una nariz que cobra vida. Un funcionario sencillo cuya posesi\u00f3n m\u00e1s preciada es un abrigo. Un hombre que pierde lentamente la raz\u00f3n. \u00c9stas son algunas de las historias de esta compilaci\u00f3n, una selecci\u00f3n de los cinco mejores relatos de Nikolai G\u00f3gol ambientados en San Petersburgo. En cada uno descubrimos una cara diferente de la entonces [&hellip;]\" \/>\n<meta property=\"og:url\" content=\"https:\/\/lesvoltes.eu\/es\/producte\/relatos-de-santpetesburg\/\" \/>\n<meta property=\"og:site_name\" content=\"Fundaci\u00f3 Les Voltes\" \/>\n<meta property=\"og:image\" content=\"https:\/\/lesvoltes.eu\/wp-content\/uploads\/2025\/07\/llibre12.jpg\" \/>\n\t<meta property=\"og:image:width\" content=\"525\" \/>\n\t<meta property=\"og:image:height\" content=\"698\" \/>\n\t<meta property=\"og:image:type\" content=\"image\/jpeg\" \/>\n<meta name=\"twitter:card\" content=\"summary_large_image\" \/>\n<meta name=\"twitter:label1\" content=\"Tiempo de lectura\" \/>\n\t<meta name=\"twitter:data1\" content=\"1 minuto\" \/>\n<script type=\"application\/ld+json\" class=\"yoast-schema-graph\">{\"@context\":\"https:\/\/schema.org\",\"@graph\":[{\"@type\":\"WebPage\",\"@id\":\"https:\/\/lesvoltes.eu\/es\/producte\/relatos-de-santpetesburg\/\",\"url\":\"https:\/\/lesvoltes.eu\/es\/producte\/relatos-de-santpetesburg\/\",\"name\":\"Relatos de Santpetesburg - Fundaci\u00f3 Les Voltes\",\"isPartOf\":{\"@id\":\"https:\/\/lesvoltes.eu\/es\/#website\"},\"primaryImageOfPage\":{\"@id\":\"https:\/\/lesvoltes.eu\/es\/producte\/relatos-de-santpetesburg\/#primaryimage\"},\"image\":{\"@id\":\"https:\/\/lesvoltes.eu\/es\/producte\/relatos-de-santpetesburg\/#primaryimage\"},\"thumbnailUrl\":\"https:\/\/lesvoltes.eu\/wp-content\/uploads\/2025\/07\/llibre12.jpg\",\"datePublished\":\"2025-07-30T08:24:08+00:00\",\"breadcrumb\":{\"@id\":\"https:\/\/lesvoltes.eu\/es\/producte\/relatos-de-santpetesburg\/#breadcrumb\"},\"inLanguage\":\"es\",\"potentialAction\":[{\"@type\":\"ReadAction\",\"target\":[\"https:\/\/lesvoltes.eu\/es\/producte\/relatos-de-santpetesburg\/\"]}]},{\"@type\":\"ImageObject\",\"inLanguage\":\"es\",\"@id\":\"https:\/\/lesvoltes.eu\/es\/producte\/relatos-de-santpetesburg\/#primaryimage\",\"url\":\"https:\/\/lesvoltes.eu\/wp-content\/uploads\/2025\/07\/llibre12.jpg\",\"contentUrl\":\"https:\/\/lesvoltes.eu\/wp-content\/uploads\/2025\/07\/llibre12.jpg\",\"width\":525,\"height\":698},{\"@type\":\"BreadcrumbList\",\"@id\":\"https:\/\/lesvoltes.eu\/es\/producte\/relatos-de-santpetesburg\/#breadcrumb\",\"itemListElement\":[{\"@type\":\"ListItem\",\"position\":1,\"name\":\"Inici\",\"item\":\"https:\/\/lesvoltes.eu\/es\/inicio\/\"},{\"@type\":\"ListItem\",\"position\":2,\"name\":\"Tienda\",\"item\":\"https:\/\/lesvoltes.eu\/es\/tienda\/\"},{\"@type\":\"ListItem\",\"position\":3,\"name\":\"Relatos de Santpetesburg\"}]},{\"@type\":\"WebSite\",\"@id\":\"https:\/\/lesvoltes.eu\/es\/#website\",\"url\":\"https:\/\/lesvoltes.eu\/es\/\",\"name\":\"Fundaci\u00f3 Les Voltes\",\"description\":\"El Pa\u00eds el fa la gent, nosaltres hi posem les eines.\",\"publisher\":{\"@id\":\"https:\/\/lesvoltes.eu\/es\/#organization\"},\"potentialAction\":[{\"@type\":\"SearchAction\",\"target\":{\"@type\":\"EntryPoint\",\"urlTemplate\":\"https:\/\/lesvoltes.eu\/es\/?s={search_term_string}\"},\"query-input\":{\"@type\":\"PropertyValueSpecification\",\"valueRequired\":true,\"valueName\":\"search_term_string\"}}],\"inLanguage\":\"es\"},{\"@type\":\"Organization\",\"@id\":\"https:\/\/lesvoltes.eu\/es\/#organization\",\"name\":\"Fundaci\u00f3 Les Voltes\",\"url\":\"https:\/\/lesvoltes.eu\/es\/\",\"logo\":{\"@type\":\"ImageObject\",\"inLanguage\":\"es\",\"@id\":\"https:\/\/lesvoltes.eu\/es\/#\/schema\/logo\/image\/\",\"url\":\"https:\/\/lesvoltes.eu\/wp-content\/uploads\/2025\/07\/favicon-les-voltes-girona.png\",\"contentUrl\":\"https:\/\/lesvoltes.eu\/wp-content\/uploads\/2025\/07\/favicon-les-voltes-girona.png\",\"width\":1407,\"height\":1406,\"caption\":\"Fundaci\u00f3 Les Voltes\"},\"image\":{\"@id\":\"https:\/\/lesvoltes.eu\/es\/#\/schema\/logo\/image\/\"}}]}<\/script>\n<!-- \/ Yoast SEO plugin. -->","yoast_head_json":{"title":"Relatos de Santpetesburg - Fundaci\u00f3 Les Voltes","robots":{"index":"index","follow":"follow","max-snippet":"max-snippet:-1","max-image-preview":"max-image-preview:large","max-video-preview":"max-video-preview:-1"},"canonical":"https:\/\/lesvoltes.eu\/es\/producte\/relatos-de-santpetesburg\/","og_locale":"es_ES","og_type":"article","og_title":"Relatos de Santpetesburg - Fundaci\u00f3 Les Voltes","og_description":"Una nariz que cobra vida. Un funcionario sencillo cuya posesi\u00f3n m\u00e1s preciada es un abrigo. Un hombre que pierde lentamente la raz\u00f3n. \u00c9stas son algunas de las historias de esta compilaci\u00f3n, una selecci\u00f3n de los cinco mejores relatos de Nikolai G\u00f3gol ambientados en San Petersburgo. En cada uno descubrimos una cara diferente de la entonces [&hellip;]","og_url":"https:\/\/lesvoltes.eu\/es\/producte\/relatos-de-santpetesburg\/","og_site_name":"Fundaci\u00f3 Les Voltes","og_image":[{"width":525,"height":698,"url":"https:\/\/lesvoltes.eu\/wp-content\/uploads\/2025\/07\/llibre12.jpg","type":"image\/jpeg"}],"twitter_card":"summary_large_image","twitter_misc":{"Tiempo de lectura":"1 minuto"},"schema":{"@context":"https:\/\/schema.org","@graph":[{"@type":"WebPage","@id":"https:\/\/lesvoltes.eu\/es\/producte\/relatos-de-santpetesburg\/","url":"https:\/\/lesvoltes.eu\/es\/producte\/relatos-de-santpetesburg\/","name":"Relatos de Santpetesburg - Fundaci\u00f3 Les Voltes","isPartOf":{"@id":"https:\/\/lesvoltes.eu\/es\/#website"},"primaryImageOfPage":{"@id":"https:\/\/lesvoltes.eu\/es\/producte\/relatos-de-santpetesburg\/#primaryimage"},"image":{"@id":"https:\/\/lesvoltes.eu\/es\/producte\/relatos-de-santpetesburg\/#primaryimage"},"thumbnailUrl":"https:\/\/lesvoltes.eu\/wp-content\/uploads\/2025\/07\/llibre12.jpg","datePublished":"2025-07-30T08:24:08+00:00","breadcrumb":{"@id":"https:\/\/lesvoltes.eu\/es\/producte\/relatos-de-santpetesburg\/#breadcrumb"},"inLanguage":"es","potentialAction":[{"@type":"ReadAction","target":["https:\/\/lesvoltes.eu\/es\/producte\/relatos-de-santpetesburg\/"]}]},{"@type":"ImageObject","inLanguage":"es","@id":"https:\/\/lesvoltes.eu\/es\/producte\/relatos-de-santpetesburg\/#primaryimage","url":"https:\/\/lesvoltes.eu\/wp-content\/uploads\/2025\/07\/llibre12.jpg","contentUrl":"https:\/\/lesvoltes.eu\/wp-content\/uploads\/2025\/07\/llibre12.jpg","width":525,"height":698},{"@type":"BreadcrumbList","@id":"https:\/\/lesvoltes.eu\/es\/producte\/relatos-de-santpetesburg\/#breadcrumb","itemListElement":[{"@type":"ListItem","position":1,"name":"Inici","item":"https:\/\/lesvoltes.eu\/es\/inicio\/"},{"@type":"ListItem","position":2,"name":"Tienda","item":"https:\/\/lesvoltes.eu\/es\/tienda\/"},{"@type":"ListItem","position":3,"name":"Relatos de Santpetesburg"}]},{"@type":"WebSite","@id":"https:\/\/lesvoltes.eu\/es\/#website","url":"https:\/\/lesvoltes.eu\/es\/","name":"Fundaci\u00f3 Les Voltes","description":"El Pa\u00eds el fa la gent, nosaltres hi posem les eines.","publisher":{"@id":"https:\/\/lesvoltes.eu\/es\/#organization"},"potentialAction":[{"@type":"SearchAction","target":{"@type":"EntryPoint","urlTemplate":"https:\/\/lesvoltes.eu\/es\/?s={search_term_string}"},"query-input":{"@type":"PropertyValueSpecification","valueRequired":true,"valueName":"search_term_string"}}],"inLanguage":"es"},{"@type":"Organization","@id":"https:\/\/lesvoltes.eu\/es\/#organization","name":"Fundaci\u00f3 Les Voltes","url":"https:\/\/lesvoltes.eu\/es\/","logo":{"@type":"ImageObject","inLanguage":"es","@id":"https:\/\/lesvoltes.eu\/es\/#\/schema\/logo\/image\/","url":"https:\/\/lesvoltes.eu\/wp-content\/uploads\/2025\/07\/favicon-les-voltes-girona.png","contentUrl":"https:\/\/lesvoltes.eu\/wp-content\/uploads\/2025\/07\/favicon-les-voltes-girona.png","width":1407,"height":1406,"caption":"Fundaci\u00f3 Les Voltes"},"image":{"@id":"https:\/\/lesvoltes.eu\/es\/#\/schema\/logo\/image\/"}}]}},"_links":{"self":[{"href":"https:\/\/lesvoltes.eu\/es\/wp-json\/wp\/v2\/product\/1209","targetHints":{"allow":["GET"]}}],"collection":[{"href":"https:\/\/lesvoltes.eu\/es\/wp-json\/wp\/v2\/product"}],"about":[{"href":"https:\/\/lesvoltes.eu\/es\/wp-json\/wp\/v2\/types\/product"}],"replies":[{"embeddable":true,"href":"https:\/\/lesvoltes.eu\/es\/wp-json\/wp\/v2\/comments?post=1209"}],"wp:featuredmedia":[{"embeddable":true,"href":"https:\/\/lesvoltes.eu\/es\/wp-json\/wp\/v2\/media\/592"}],"wp:attachment":[{"href":"https:\/\/lesvoltes.eu\/es\/wp-json\/wp\/v2\/media?parent=1209"}],"wp:term":[{"taxonomy":"product_brand","embeddable":true,"href":"https:\/\/lesvoltes.eu\/es\/wp-json\/wp\/v2\/product_brand?post=1209"},{"taxonomy":"product_cat","embeddable":true,"href":"https:\/\/lesvoltes.eu\/es\/wp-json\/wp\/v2\/product_cat?post=1209"},{"taxonomy":"product_tag","embeddable":true,"href":"https:\/\/lesvoltes.eu\/es\/wp-json\/wp\/v2\/product_tag?post=1209"},{"taxonomy":"autor","embeddable":true,"href":"https:\/\/lesvoltes.eu\/es\/wp-json\/wp\/v2\/autor?post=1209"},{"taxonomy":"editorial","embeddable":true,"href":"https:\/\/lesvoltes.eu\/es\/wp-json\/wp\/v2\/editorial?post=1209"}],"curies":[{"name":"wp","href":"https:\/\/api.w.org\/{rel}","templated":true}]}}